{"id":352,"date":"2020-04-02T11:04:23","date_gmt":"2020-04-02T11:04:23","guid":{"rendered":"https:\/\/www.hasso-rentacar.com\/faqs\/"},"modified":"2024-08-06T08:16:13","modified_gmt":"2024-08-06T08:16:13","slug":"faqs","status":"publish","type":"page","link":"https:\/\/www.hasso-rentacar.com\/de\/faqs\/","title":{"rendered":"FAQs"},"content":{"rendered":"\n<div class=\"is-layout-flex wp-container-2 wp-block-columns are-vertically-aligned-center menu-secundario masborde has-blue-700-background-color has-background m-0\">\n<div class=\"is-layout-flow wp-block-column is-vertically-aligned-center has-blue-700-background-color has-background p-0\" style=\"flex-basis:100%\"><div class=\"wp-block-image inline-block opacity\">\n<figure class=\"aligncenter size-large\"><a href=\"https:\/\/www.hasso-rentacar.com\/de\/konditionen\/\"><img decoding=\"async\" loading=\"lazy\" width=\"43\" height=\"44\" src=\"https:\/\/www.hasso-rentacar.com\/app\/uploads\/2020\/04\/Grupo-286.svg\" alt=\"\" class=\"wp-image-111\"\/><\/a><figcaption class=\"wp-element-caption\">Bedingungen<\/figcaption><\/figure><\/div>\n\n<div class=\"wp-block-image inline-block opacity\">\n<figure class=\"aligncenter size-large\"><a href=\"https:\/\/www.hasso-rentacar.com\/de\/hasso-serviceleistungen\/\"><img decoding=\"async\" loading=\"lazy\" width=\"41\" height=\"49\" src=\"https:\/\/www.hasso-rentacar.com\/app\/uploads\/2020\/04\/Group-284.svg\" alt=\"\" class=\"wp-image-270\"\/><\/a><figcaption class=\"wp-element-caption\">Serviceleistungen<\/figcaption><\/figure><\/div>\n\n<div class=\"wp-block-image inline-block\">\n<figure class=\"aligncenter size-large\"><a href=\"https:\/\/www.hasso-rentacar.com\/de\/faqs\/\"><img decoding=\"async\" loading=\"lazy\" width=\"63\" height=\"55\" src=\"https:\/\/www.hasso-rentacar.com\/app\/uploads\/2020\/04\/Group-285.svg\" alt=\"\" class=\"wp-image-271\"\/><\/a><figcaption class=\"wp-element-caption\">FAQS<\/figcaption><\/figure><\/div><\/div>\n<\/div>\n\n\n\n<div class=\"is-layout-flow wp-block-group is-style-container\"><div class=\"wp-block-group__inner-container\">\n<h1 class=\"has-text-align-center\"><br>FAQs<\/h1>\n\n\n\n<div class=\"is-layout-flex wp-container-4 wp-block-columns\">\n<div class=\"is-layout-flow wp-block-column\" style=\"flex-basis:75%\">\n<p class=\"\">Wenn Sie auf dieser Website keine Antwort auf Ihre Fragen zu Ihrer Autovermietung auf Mallorca finden, wenden Sie sich bitte an unseren Kundenservice. Denken Sie auch daran, unsere <a href=\"https:\/\/www.hasso-rentacar.com\/de\/konditionen\/\">Bedingungen, kostenlosen Serviceleistungen und Extras zu pr\u00fcfen.<\/a><\/p>\n\n\n\n<div class=\"wp-block-hasso-faq blocks__faq\" itemscope itemtype=\"http:\/\/schema.org\/Question\"><div class=\"blocks__faq__header\"><div class=\"blocks__faq__header__image\"><img decoding=\"async\" bb=\"image\" bb-id=\"422\" src=\"https:\/\/www.hasso-rentacar.com\/app\/uploads\/2020\/04\/condiciones_cargos_adicionales.png\" alt=\"\" title=\"condiciones_cargos_adicionales\"\/><\/div><div itemprop=\"name\"><h4 bb=\"question\" class=\"blocks__faq__header__title\">Wo befindet sich das B\u00fcro von HASSO-Rent a Car?<\/h4><\/div><\/div><div class=\"blocks__faq__answer\" itemprop=\"acceptedAnswer\" itemscope itemtype=\"http:\/\/schema.org\/Answer\"><div itemprop=\"text\"><p bb=\"answer\" class=\"answer\">Das Hauptb\u00fcro befindet sich in Son Oms (Canal de Sant Jordi, 7), nur ein paar Minuten vom Ankunftsterminal des Flughafens entfernt. Dort werden alle Mietvertr\u00e4ge gemacht. F\u00fcr Kunden, die vom Flughafen kommen, gibt es einen kostenlosen Abholservice am Taxistand. <\/p><\/div><\/div><\/div>\n\n\n\n<div class=\"wp-block-hasso-faq blocks__faq\" itemscope itemtype=\"http:\/\/schema.org\/Question\"><div class=\"blocks__faq__header\"><div class=\"blocks__faq__header__image\"><img decoding=\"async\" bb=\"image\" bb-id=\"422\" src=\"https:\/\/www.hasso-rentacar.com\/app\/uploads\/2020\/04\/condiciones_cargos_adicionales.png\" alt=\"\" title=\"condiciones_cargos_adicionales\"\/><\/div><div itemprop=\"name\"><h4 bb=\"question\" class=\"blocks__faq__header__title\">Wie ist der Mietvorgang? <\/h4><\/div><\/div><div class=\"blocks__faq__answer\" itemprop=\"acceptedAnswer\" itemscope itemtype=\"http:\/\/schema.org\/Answer\"><div itemprop=\"text\"><p bb=\"answer\" class=\"answer\">Um bei uns ein Auto zu mieten, m\u00fcssen Sie es auf unserer Homepage www.hasso-rentacar.com , per Telefon +34 971 43 05 77 oder in unseren B\u00fcros reservieren. Bei Abholung des Fahrzeuges m\u00fcssen Sie Ihren F\u00fchrerschein, Ihren originalen Personalausweis oder Reisepass (das gilt auch f\u00fcr zus\u00e4tzliche Fahrer) und Ihre Bankkarte mitbringen. Es ist nicht m\u00f6glich, ein Auto ohne Originalpapiere zu mieten. Wenn Ihr Abholpunkt der Flughafen ist, bringt Sie ein Shuttle-Bus zu unseren B\u00fcros, nur ein paar Minuten entfernt. Dort bekommen Sie Ihren Mietwagen. <\/p><\/div><\/div><\/div>\n\n\n\n<div class=\"wp-block-hasso-faq blocks__faq\" itemscope itemtype=\"http:\/\/schema.org\/Question\"><div class=\"blocks__faq__header\"><div class=\"blocks__faq__header__image\"><img decoding=\"async\" bb=\"image\" bb-id=\"422\" src=\"https:\/\/www.hasso-rentacar.com\/app\/uploads\/2020\/04\/condiciones_cargos_adicionales.png\" alt=\"\" title=\"condiciones_cargos_adicionales\"\/><\/div><div itemprop=\"name\"><h4 bb=\"question\" class=\"blocks__faq__header__title\">Welche Dokumente braucht man, um ein Auto zu mieten? <\/h4><\/div><\/div><div class=\"blocks__faq__answer\" itemprop=\"acceptedAnswer\" itemscope itemtype=\"http:\/\/schema.org\/Answer\"><div itemprop=\"text\"><p bb=\"answer\" class=\"answer\">Original-Reisepass oder Personalausweis (auch f\u00fcr Zusatzfahrer), Original-F\u00fchrerschein (auch f\u00fcr Zusatzfahrer) und eine Karte als Zahlungsmittel: dies kann eine Kreditkarte sein, wenn der Cool-Tarif abgeschlossen wird; oder eine Debitkarte, wenn die Vollkaskoversicherung, das Bodyguard-Paket und der Tank abgeschlossen werden und der Tank im Voraus bezahlt wird. <\/p><\/div><\/div><\/div>\n\n\n\n<div class=\"wp-block-hasso-faq blocks__faq\" itemscope=\"\" itemtype=\"http:\/\/schema.org\/Question\"><div class=\"blocks__faq__header\"><div class=\"blocks__faq__header__image\"><img decoding=\"async\" bb=\"image\" bb-id=\"422\" src=\"https:\/\/www.hasso-rentacar.com\/app\/uploads\/2020\/04\/condiciones_cargos_adicionales.png\" alt=\"\" title=\"condiciones_cargos_adicionales\"><\/div><div itemprop=\"name\"><h4 bb=\"question\" class=\"blocks__faq__header__title\">Wie l\u00e4uft die Bezahlung ab? <\/h4><\/div><\/div><div class=\"blocks__faq__answer\" itemprop=\"acceptedAnswer\" itemscope=\"\" itemtype=\"http:\/\/schema.org\/Answer\"><div itemprop=\"text\"><p bb=\"answer\" class=\"answer\">Sie k\u00f6nnen Ihre Fahrzeuganmietung online \u00fcber unsere Website bezahlen oder Sie k\u00f6nnen Ihr Fahrzeug bei der Ankunft in unseren B\u00fcros bezahlen.\nDenken Sie daran, dass bei der Anmietung unseres Brave- oder Fresh-Tarifs nur eine Vorauszahlung \u00fcber unsere Website m\u00f6glich ist. \n\nSie k\u00f6nnen den Mietwagen online \u00fcber unsere Website oder bei der Ankunft bezahlen (zum Cool-Tarif).\n\nEinschr\u00e4nkungen und Hinweise zur Bezahlung: <br>&#8211; VISA oder MasterCard Kreditkarten (Prepaid-Karten werden nicht akzeptiert). <br>&#8211; Debitkarte, nur wenn Sie unsere All-Inclusive Versicherung und das \u2018Bodyguard\u2019 Paket (10\u20ac pro Tag) abschlie\u00dfen und den Kraftstoff im Voraus bezahlen oder daf\u00fcr eine Kaution hinterlegen. Sie bezahlen bei der Abholung des Fahrzeuges. <\/p><\/div><\/div><\/div>\n\n\n\n<div class=\"wp-block-hasso-faq blocks__faq\" itemscope itemtype=\"http:\/\/schema.org\/Question\"><div class=\"blocks__faq__header\"><div class=\"blocks__faq__header__image\"><img decoding=\"async\" bb=\"image\" bb-id=\"422\" src=\"https:\/\/www.hasso-rentacar.com\/app\/uploads\/2020\/04\/condiciones_cargos_adicionales.png\" alt=\"\" title=\"condiciones_cargos_adicionales\"\/><\/div><div itemprop=\"name\"><h4 bb=\"question\" class=\"blocks__faq__header__title\">Kann man das Modell, die Farbe, den Motor oder Kraftstoftyp w\u00e4hlen? <\/h4><\/div><\/div><div class=\"blocks__faq__answer\" itemprop=\"acceptedAnswer\" itemscope itemtype=\"http:\/\/schema.org\/Answer\"><div itemprop=\"text\"><p bb=\"answer\" class=\"answer\">Aus technischen Gr\u00fcnden k\u00f6nnen wir Ihnen kein konkretes Modell versprechen, sondern nur die Gruppe oder Kategorie des reservierten Fahrzeuges. Teilen Sie unserem Personal bei der Abholung trotzdem Ihre W\u00fcnsche mit. Bei einer Verf\u00fcgbarkeit bekommen Sie Ihr Fahrzeug mit den erw\u00fcnschten Merkmalen. <\/p><\/div><\/div><\/div>\n\n\n\n<div class=\"wp-block-hasso-faq blocks__faq\" itemscope itemtype=\"http:\/\/schema.org\/Question\"><div class=\"blocks__faq__header\"><div class=\"blocks__faq__header__image\"><img decoding=\"async\" bb=\"image\" bb-id=\"422\" src=\"https:\/\/www.hasso-rentacar.com\/app\/uploads\/2020\/04\/condiciones_cargos_adicionales.png\" alt=\"\" title=\"condiciones_cargos_adicionales\"\/><\/div><div itemprop=\"name\"><h4 bb=\"question\" class=\"blocks__faq__header__title\">Kann man die Autos \u00fcberall auf Mallorca abholen und abgeben? <\/h4><\/div><\/div><div class=\"blocks__faq__answer\" itemprop=\"acceptedAnswer\" itemscope itemtype=\"http:\/\/schema.org\/Answer\"><div itemprop=\"text\"><p bb=\"answer\" class=\"answer\">Bei der Fahrzeug\u00fcbernahme direkt am Flughafen gehen Sie bitte zum Meeting Point in die\u00a04. Etage im Flughafenparkhaus.\nNutzen Sie unseren Shuttle-Bus verlassen Sie die Ankunftshalle durch\u00a0Ausgang 4\u00a0und gehen Sie \u00fcber das Rollband paralell zum Taxistand Richtung Parkhaus. Am Ende des Rollbands, links, wartet ihr\u00a0ROIG Shuttle-Bus\u00a0auf Sie. <br> Eine detaillierte Wegbeschreibung zum Treffpunkt der Wagen\u00fcbergabe finden Sie in dieser video: <a href=\"https:\/\/www.youtube.com\/watch?v=5jx6gZOmdX\">https:\/\/www.youtube.com\/watch?v=5jx6gZOmdX<\/a> <\/p><\/div><\/div><\/div>\n\n\n\n<div class=\"wp-block-hasso-faq blocks__faq\" itemscope itemtype=\"http:\/\/schema.org\/Question\"><div class=\"blocks__faq__header\"><div class=\"blocks__faq__header__image\"><img decoding=\"async\" bb=\"image\" bb-id=\"422\" src=\"https:\/\/www.hasso-rentacar.com\/app\/uploads\/2020\/04\/condiciones_cargos_adicionales.png\" alt=\"\" title=\"condiciones_cargos_adicionales\"\/><\/div><div itemprop=\"name\"><h4 bb=\"question\" class=\"blocks__faq__header__title\">Wie werden die Miettage gez\u00e4hlt? <\/h4><\/div><\/div><div class=\"blocks__faq__answer\" itemprop=\"acceptedAnswer\" itemscope itemtype=\"http:\/\/schema.org\/Answer\"><div itemprop=\"text\"><p bb=\"answer\" class=\"answer\">Die Tage werden im 24-Stunden-Takt berechnet, ab dem Moment des Vertragsabschlusses. <\/p><\/div><\/div><\/div>\n\n\n\n<div class=\"wp-block-hasso-faq blocks__faq\" itemscope itemtype=\"http:\/\/schema.org\/Question\"><div class=\"blocks__faq__header\"><div class=\"blocks__faq__header__image\"><img decoding=\"async\" bb=\"image\" bb-id=\"422\" src=\"https:\/\/www.hasso-rentacar.com\/app\/uploads\/2020\/04\/condiciones_cargos_adicionales.png\" alt=\"\" title=\"condiciones_cargos_adicionales\"\/><\/div><div itemprop=\"name\"><h4 bb=\"question\" class=\"blocks__faq__header__title\">Was ist das Mindestalter f\u00fcr die Anmietung bei HASSO? <\/h4><\/div><\/div><div class=\"blocks__faq__answer\" itemprop=\"acceptedAnswer\" itemscope itemtype=\"http:\/\/schema.org\/Answer\"><div itemprop=\"text\"><p bb=\"answer\" class=\"answer\">Das Mindestalter des Fahrers muss 21 Jahre betragen und der F\u00fchrerschein muss mindestens ein Jahr alt sein. F\u00fcr Fahrer zwischen 21 und 24 Jahren muss ein zus\u00e4tzlicher Zuschlag f\u00fcr junge Fahrer von 7\u20ac pro Tag vereinbart werden. \n\nBei der Anmietung eines hochwertigen Modells muss der Fahrer mindestens 25 Jahre alt sein und seit mindestens einem Jahr im Besitz eines F\u00fchrerscheins sein. <\/p><\/div><\/div><\/div>\n\n\n\n<div class=\"wp-block-hasso-faq blocks__faq\" itemscope itemtype=\"http:\/\/schema.org\/Question\"><div class=\"blocks__faq__header\"><div class=\"blocks__faq__header__image\"><img decoding=\"async\" bb=\"image\" bb-id=\"422\" src=\"https:\/\/www.hasso-rentacar.com\/app\/uploads\/2020\/04\/condiciones_cargos_adicionales.png\" alt=\"\" title=\"condiciones_cargos_adicionales\"\/><\/div><div itemprop=\"name\"><h4 bb=\"question\" class=\"blocks__faq__header__title\">Was ist das H\u00f6chstalter f\u00fcr die Anmietung eines Fahrzeugs? <\/h4><\/div><\/div><div class=\"blocks__faq__answer\" itemprop=\"acceptedAnswer\" itemscope itemtype=\"http:\/\/schema.org\/Answer\"><div itemprop=\"text\"><p bb=\"answer\" class=\"answer\">Das H\u00f6chstalter f\u00fcr die Anmietung eines Fahrzeugs bei Hasso betr\u00e4gt 80 Jahre. <\/p><\/div><\/div><\/div>\n\n\n\n<div class=\"wp-block-hasso-faq blocks__faq\" itemscope itemtype=\"http:\/\/schema.org\/Question\"><div class=\"blocks__faq__header\"><div class=\"blocks__faq__header__image\"><img decoding=\"async\" bb=\"image\" bb-id=\"422\" src=\"https:\/\/www.hasso-rentacar.com\/app\/uploads\/2020\/04\/condiciones_cargos_adicionales.png\" alt=\"\" title=\"condiciones_cargos_adicionales\"\/><\/div><div itemprop=\"name\"><h4 bb=\"question\" class=\"blocks__faq__header__title\">K\u00f6nnen Reservierungen ge\u00e4ndert oder storniert werden? <\/h4><\/div><\/div><div class=\"blocks__faq__answer\" itemprop=\"acceptedAnswer\" itemscope itemtype=\"http:\/\/schema.org\/Answer\"><div itemprop=\"text\"><p bb=\"answer\" class=\"answer\">Nur wenn Sie unseren Cool-Tarif gebucht haben, k\u00f6nnen Sie Ihre Reservierung bis 48 Stunden vor Buchungsbeginn kostenlos \u00e4ndern oder stornieren. Rufen Sie uns dazu an oder schicken Sie uns eine E-Mail. <\/p><\/div><\/div><\/div>\n\n\n\n<div class=\"wp-block-hasso-faq blocks__faq\" itemscope itemtype=\"http:\/\/schema.org\/Question\"><div class=\"blocks__faq__header\"><div class=\"blocks__faq__header__image\"><img decoding=\"async\" bb=\"image\" bb-id=\"422\" src=\"https:\/\/www.hasso-rentacar.com\/app\/uploads\/2020\/04\/condiciones_cargos_adicionales.png\" alt=\"\" title=\"condiciones_cargos_adicionales\"\/><\/div><div itemprop=\"name\"><h4 bb=\"question\" class=\"blocks__faq__header__title\">Kann die Laufzeit des Vertrags verl\u00e4ngert werden? <\/h4><\/div><\/div><div class=\"blocks__faq__answer\" itemprop=\"acceptedAnswer\" itemscope itemtype=\"http:\/\/schema.org\/Answer\"><div itemprop=\"text\"><p bb=\"answer\" class=\"answer\">Ja, Sie k\u00f6nnen Ihren Vertrag verl\u00e4ngern. Dazu m\u00fcssen Sie sich an eines unserer B\u00fcros wenden. <\/p><\/div><\/div><\/div>\n\n\n\n<div class=\"wp-block-hasso-faq blocks__faq\" itemscope itemtype=\"http:\/\/schema.org\/Question\"><div class=\"blocks__faq__header\"><div class=\"blocks__faq__header__image\"><img decoding=\"async\" bb=\"image\" bb-id=\"422\" src=\"https:\/\/www.hasso-rentacar.com\/app\/uploads\/2020\/04\/condiciones_cargos_adicionales.png\" alt=\"\" title=\"condiciones_cargos_adicionales\"\/><\/div><div itemprop=\"name\"><h4 bb=\"question\" class=\"blocks__faq__header__title\">Wer ist zum F\u00fchren des Mietwagens berechtigt? <\/h4><\/div><\/div><div class=\"blocks__faq__answer\" itemprop=\"acceptedAnswer\" itemscope itemtype=\"http:\/\/schema.org\/Answer\"><div itemprop=\"text\"><p bb=\"answer\" class=\"answer\">Nur die im Vertrag eingetragenen Personen d\u00fcrfen das Fahrzeug fahren. Sie k\u00f6nnen bis zu zwei zus\u00e4tzliche Fahrer f\u00fcr 8 \u20ac pro Tag und Fahrer in den Vertrag aufnehmen. <\/p><\/div><\/div><\/div>\n\n\n\n<div class=\"wp-block-hasso-faq blocks__faq\" itemscope itemtype=\"http:\/\/schema.org\/Question\"><div class=\"blocks__faq__header\"><div class=\"blocks__faq__header__image\"><img decoding=\"async\" bb=\"image\" bb-id=\"422\" src=\"https:\/\/www.hasso-rentacar.com\/app\/uploads\/2020\/04\/condiciones_cargos_adicionales.png\" alt=\"\" title=\"condiciones_cargos_adicionales\"\/><\/div><div itemprop=\"name\"><h4 bb=\"question\" class=\"blocks__faq__header__title\">Welches Extras kann man zum Auto mieten? <\/h4><\/div><\/div><div class=\"blocks__faq__answer\" itemprop=\"acceptedAnswer\" itemscope itemtype=\"http:\/\/schema.org\/Answer\"><div itemprop=\"text\"><p bb=\"answer\" class=\"answer\">Kindersitze, Lifte und GPS. <\/p><\/div><\/div><\/div>\n\n\n\n<div class=\"\"><div class=\"\"><div class=\"\"><div class=\"wp-block-hasso-faq blocks__faq\" itemscope=\"\" itemtype=\"http:\/\/schema.org\/Question\"><div class=\"blocks__faq__header\"><div class=\"blocks__faq__header__image\"><img decoding=\"async\" bb=\"image\" bb-id=\"422\" src=\"https:\/\/www.hasso-rentacar.com\/app\/uploads\/2020\/04\/condiciones_cargos_adicionales.png\" alt=\"\" title=\"condiciones_cargos_adicionales\"><\/div><div itemprop=\"name\"><h4 bb=\"question\" class=\"blocks__faq__header__title\"> Welche Versicherungsarten kann man buchen? <\/h4><\/div><\/div><div class=\"blocks__faq__answer\" itemprop=\"acceptedAnswer\" itemscope=\"\" itemtype=\"http:\/\/schema.org\/Answer\"><div itemprop=\"text\"><p bb=\"answer\" class=\"answer\"><strong>SBCF (Basic-Tarif mit Selbstbeteiligung):&nbsp;<\/strong>Der Kunde ist f\u00fcr einen Mindestbetrag verantwortlich, der sogenannte Eigenanteil, der im Vertrag ausdr\u00fccklich festgelegt wird und bis zu dem der Automieter die Kosten und\/oder Verluste tr\u00e4gt. \n\n<br>All-Inclusive-Versicherung: Dieser optionale Service ist eine All-Inclusive-Versicherung. Sie beinhaltet neben der Basic-Tarif ohne Selbstbeteiligung (SBSF) unsere Reifen- und Glasversicherung (SRC).\n. <\/p><\/div><\/div><\/div><\/div><\/div><\/div>\n<\/div>\n<\/div>\n<\/div><\/div>\n","protected":false},"excerpt":{"rendered":"<p>FAQs Wenn Sie auf dieser Website keine Antwort auf Ihre Fragen zu Ihrer Autovermietung auf Mallorca finden, wenden Sie sich bitte an unseren Kundenservice. Denken Sie auch daran, unsere Bedingungen, kostenlosen Serviceleistungen und Extras zu pr\u00fcfen. Wie l\u00e4uft die Bezahlung ab? Sie k\u00f6nnen Ihre Fahrzeuganmietung online \u00fcber unsere Website bezahlen oder Sie k\u00f6nnen Ihr Fahrzeug &hellip; <a href=\"https:\/\/www.hasso-rentacar.com\/de\/faqs\/\">Fortgesetzt<\/a><\/p>\n","protected":false},"author":9,"featured_media":0,"parent":0,"menu_order":0,"comment_status":"closed","ping_status":"closed","template":"","meta":[],"yoast_head":"<!-- This site is optimized with the Yoast SEO plugin v20.1 - https:\/\/yoast.com\/wordpress\/plugins\/seo\/ -->\n<title>H\u00e4ufig gestellte Fragen zum Automieten auf Mallorca | Hasso<\/title>\n<meta name=\"description\" content=\"Wir beantworten die h\u00e4ufigsten Fragen und Zweifel bez\u00fcglich der Autovermietung von HASSO wie: Zahlungsmethoden, Kraftstoffpolitik und Zusatzleistungen.\" \/>\n<meta name=\"robots\" content=\"index, follow, max-snippet:-1, max-image-preview:large, max-video-preview:-1\" \/>\n<link rel=\"canonical\" href=\"https:\/\/www.hasso-rentacar.com\/de\/faqs\/\" \/>\n<meta property=\"og:locale\" content=\"de_DE\" \/>\n<meta property=\"og:type\" content=\"article\" \/>\n<meta property=\"og:title\" content=\"H\u00e4ufig gestellte Fragen zum Automieten auf Mallorca | Hasso\" \/>\n<meta property=\"og:description\" content=\"Wir beantworten die h\u00e4ufigsten Fragen und Zweifel bez\u00fcglich der Autovermietung von HASSO wie: Zahlungsmethoden, Kraftstoffpolitik und Zusatzleistungen.\" \/>\n<meta property=\"og:url\" content=\"https:\/\/www.hasso-rentacar.com\/de\/faqs\/\" \/>\n<meta property=\"og:site_name\" content=\"Hasso Rentacar\" \/>\n<meta property=\"article:modified_time\" content=\"2024-08-06T08:16:13+00:00\" \/>\n<meta property=\"og:image\" content=\"https:\/\/www.hasso-rentacar.com\/app\/uploads\/2020\/04\/Grupo-286.svg\" \/>\n<meta name=\"twitter:card\" content=\"summary_large_image\" \/>\n<meta name=\"twitter:label1\" content=\"Est. reading time\" \/>\n\t<meta name=\"twitter:data1\" content=\"7 minutes\" \/>\n<script type=\"application\/ld+json\" class=\"yoast-schema-graph\">{\"@context\":\"https:\/\/schema.org\",\"@graph\":[{\"@type\":\"WebPage\",\"@id\":\"https:\/\/www.hasso-rentacar.com\/de\/faqs\/\",\"url\":\"https:\/\/www.hasso-rentacar.com\/de\/faqs\/\",\"name\":\"H\u00e4ufig gestellte Fragen zum Automieten auf Mallorca | Hasso\",\"isPartOf\":{\"@id\":\"https:\/\/www.hasso-rentacar.com\/#website\"},\"datePublished\":\"2020-04-02T11:04:23+00:00\",\"dateModified\":\"2024-08-06T08:16:13+00:00\",\"description\":\"Wir beantworten die h\u00e4ufigsten Fragen und Zweifel bez\u00fcglich der Autovermietung von HASSO wie: Zahlungsmethoden, Kraftstoffpolitik und Zusatzleistungen.\",\"breadcrumb\":{\"@id\":\"https:\/\/www.hasso-rentacar.com\/de\/faqs\/#breadcrumb\"},\"inLanguage\":\"de-DE\",\"potentialAction\":[{\"@type\":\"ReadAction\",\"target\":[\"https:\/\/www.hasso-rentacar.com\/de\/faqs\/\"]}]},{\"@type\":\"BreadcrumbList\",\"@id\":\"https:\/\/www.hasso-rentacar.com\/de\/faqs\/#breadcrumb\",\"itemListElement\":[{\"@type\":\"ListItem\",\"position\":1,\"name\":\"Home\",\"item\":\"https:\/\/www.hasso-rentacar.com\/de\/\"},{\"@type\":\"ListItem\",\"position\":2,\"name\":\"FAQs\"}]},{\"@type\":\"WebSite\",\"@id\":\"https:\/\/www.hasso-rentacar.com\/#website\",\"url\":\"https:\/\/www.hasso-rentacar.com\/\",\"name\":\"Hasso Rentacar\",\"description\":\"\",\"potentialAction\":[{\"@type\":\"SearchAction\",\"target\":{\"@type\":\"EntryPoint\",\"urlTemplate\":\"https:\/\/www.hasso-rentacar.com\/?s={search_term_string}\"},\"query-input\":\"required name=search_term_string\"}],\"inLanguage\":\"de-DE\"}]}<\/script>\n<!-- \/ Yoast SEO plugin. -->","yoast_head_json":{"title":"H\u00e4ufig gestellte Fragen zum Automieten auf Mallorca | Hasso","description":"Wir beantworten die h\u00e4ufigsten Fragen und Zweifel bez\u00fcglich der Autovermietung von HASSO wie: Zahlungsmethoden, Kraftstoffpolitik und Zusatzleistungen.","robots":{"index":"index","follow":"follow","max-snippet":"max-snippet:-1","max-image-preview":"max-image-preview:large","max-video-preview":"max-video-preview:-1"},"canonical":"https:\/\/www.hasso-rentacar.com\/de\/faqs\/","og_locale":"de_DE","og_type":"article","og_title":"H\u00e4ufig gestellte Fragen zum Automieten auf Mallorca | Hasso","og_description":"Wir beantworten die h\u00e4ufigsten Fragen und Zweifel bez\u00fcglich der Autovermietung von HASSO wie: Zahlungsmethoden, Kraftstoffpolitik und Zusatzleistungen.","og_url":"https:\/\/www.hasso-rentacar.com\/de\/faqs\/","og_site_name":"Hasso Rentacar","article_modified_time":"2024-08-06T08:16:13+00:00","og_image":[{"url":"https:\/\/www.hasso-rentacar.com\/app\/uploads\/2020\/04\/Grupo-286.svg"}],"twitter_card":"summary_large_image","twitter_misc":{"Est. reading time":"7 minutes"},"schema":{"@context":"https:\/\/schema.org","@graph":[{"@type":"WebPage","@id":"https:\/\/www.hasso-rentacar.com\/de\/faqs\/","url":"https:\/\/www.hasso-rentacar.com\/de\/faqs\/","name":"H\u00e4ufig gestellte Fragen zum Automieten auf Mallorca | Hasso","isPartOf":{"@id":"https:\/\/www.hasso-rentacar.com\/#website"},"datePublished":"2020-04-02T11:04:23+00:00","dateModified":"2024-08-06T08:16:13+00:00","description":"Wir beantworten die h\u00e4ufigsten Fragen und Zweifel bez\u00fcglich der Autovermietung von HASSO wie: Zahlungsmethoden, Kraftstoffpolitik und Zusatzleistungen.","breadcrumb":{"@id":"https:\/\/www.hasso-rentacar.com\/de\/faqs\/#breadcrumb"},"inLanguage":"de-DE","potentialAction":[{"@type":"ReadAction","target":["https:\/\/www.hasso-rentacar.com\/de\/faqs\/"]}]},{"@type":"BreadcrumbList","@id":"https:\/\/www.hasso-rentacar.com\/de\/faqs\/#breadcrumb","itemListElement":[{"@type":"ListItem","position":1,"name":"Home","item":"https:\/\/www.hasso-rentacar.com\/de\/"},{"@type":"ListItem","position":2,"name":"FAQs"}]},{"@type":"WebSite","@id":"https:\/\/www.hasso-rentacar.com\/#website","url":"https:\/\/www.hasso-rentacar.com\/","name":"Hasso Rentacar","description":"","potentialAction":[{"@type":"SearchAction","target":{"@type":"EntryPoint","urlTemplate":"https:\/\/www.hasso-rentacar.com\/?s={search_term_string}"},"query-input":"required name=search_term_string"}],"inLanguage":"de-DE"}]}},"_links":{"self":[{"href":"https:\/\/www.hasso-rentacar.com\/de\/wp-json\/wp\/v2\/pages\/352"}],"collection":[{"href":"https:\/\/www.hasso-rentacar.com\/de\/wp-json\/wp\/v2\/pages"}],"about":[{"href":"https:\/\/www.hasso-rentacar.com\/de\/wp-json\/wp\/v2\/types\/page"}],"author":[{"embeddable":true,"href":"https:\/\/www.hasso-rentacar.com\/de\/wp-json\/wp\/v2\/users\/9"}],"replies":[{"embeddable":true,"href":"https:\/\/www.hasso-rentacar.com\/de\/wp-json\/wp\/v2\/comments?post=352"}],"version-history":[{"count":27,"href":"https:\/\/www.hasso-rentacar.com\/de\/wp-json\/wp\/v2\/pages\/352\/revisions"}],"predecessor-version":[{"id":4224,"href":"https:\/\/www.hasso-rentacar.com\/de\/wp-json\/wp\/v2\/pages\/352\/revisions\/4224"}],"wp:attachment":[{"href":"https:\/\/www.hasso-rentacar.com\/de\/wp-json\/wp\/v2\/media?parent=352"}],"curies":[{"name":"wp","href":"https:\/\/api.w.org\/{rel}","templated":true}]}}