{"id":480,"date":"2020-04-02T10:54:03","date_gmt":"2020-04-02T10:54:03","guid":{"rendered":"https:\/\/www.hasso-rentacar.com\/nosotros\/"},"modified":"2024-02-19T12:42:12","modified_gmt":"2024-02-19T12:42:12","slug":"geschichte-von-hasso","status":"publish","type":"page","link":"https:\/\/www.hasso-rentacar.com\/de\/geschichte-von-hasso\/","title":{"rendered":"Geschichte von Hasso"},"content":{"rendered":"<form class=\"blocks__booking-form__item\"  action=\"https:\/\/booking.hasso-rentacar.com\/de\/rentacar\/listmodels\/\" method=\"GET\">\n  <div class=\"blocks__booking-form__item__container\">\n    <div class=\"blocks__booking-form__item__field blocks__booking-form__item__field--location\">\n      <span> Ort <\/span>\n      <select class=\"location\">\n        <option value=\"Mallorca\">Mallorca Airport<\/option> \n      <\/select>\n    <\/div>\n    <div class=\"blocks__booking-form__item__field blocks__booking-form__item__field--datepicker\">\n      <span> Abholung\n <\/span>\n      <img decoding=\"async\" src=\"https:\/\/www.hasso-rentacar.com\/app\/themes\/hasso-sage\/dist\/images\/calendar-icon_35feb9e3.png\"\/>\n      <input\n        class=\"date_start\"\n        type=\"text\"\n        name=\"recogida_fecha\"\n        autocomplete=\"off\"\n        placeholder=\"Fecha\"\n\tonkeydown=\"event.preventDefault()\"\n      required \/>\n      <input\n        class=\"date_start_hour readonly\"\n        type=\"text\"\n        name=\"recogida_hora\"        \n\tautocomplete=\"off\"\n\tplaceholder=\"Stunde\"\n\tonkeydown=\"event.preventDefault()\"\n\trequired\n\t\/>\n    <\/div>\n    <div class=\"blocks__booking-form__item__field blocks__booking-form__item__field--datepicker\">\n      <span>R\u00fcckgabe\n\n\n<\/span>\n      <img decoding=\"async\" src=\"https:\/\/www.hasso-rentacar.com\/app\/themes\/hasso-sage\/dist\/images\/calendar-icon_35feb9e3.png\"\/>\n      <input\n        class=\"date_end\"\n        type=\"text\"\n        name=\"devolucion_fecha\"\n        autocomplete=\"off\"\n        placeholder=\"Fecha\"\n     \tonkeydown=\"event.preventDefault()\"\n\trequired \/>\n      <input\n        class=\"date_end_hour readonly\"\n        type=\"text\"\n        name=\"devolucion_hora\"\n\trequired\n\tautocomplete=\"off\"\n        onkeydown=\"event.preventDefault()\"\n\tplaceholder=\"Stunde\"\n       \/>\n    <\/div>\n    <div class=\"blocks__booking-form__item__field blocks__booking-form__item__field--promocode\">\n\n      <div class=\"blocks__booking-form__item__field__checkbox blocks__booking-form__item__field__checkbox--slim\">\n        <label>\n            <input type=\"checkbox\" required\/>\n            <span class=\"custom-checkbox\"><\/span>\n            Fahreralter +21\n\n\n\n\n        <\/label>\n      <\/div>\n    \n      <img decoding=\"async\" src=\"https:\/\/www.hasso-rentacar.com\/app\/themes\/hasso-sage\/dist\/images\/promo-icon_0e9d8368.png\"\/>\n      <input\n        type=\"text\"\n        name=\"promoCode\"\n        placeholder=\"Promo-Code\"\n      \/>\n    <\/div>\n    <input class=\"input--with-text\" type=\"submit\" value=\"Buchen\"\/>\n    <input class=\"input--with-icon\" type=\"submit\" value=\"\"\/>\n\n    <div class=\"blocks__booking-form__item__field__checkbox blocks__booking-form__item__field__checkbox--no-slim\">\n      <label>\n          <input type=\"checkbox\" required\/>\n          <span class=\"custom-checkbox\"><\/span>\n              Ich bin \u00fcber 21 Jahre alt und seit mindestens 1 Jahr im Besitz eines g\u00fcltigen F\u00fchrerscheins.\n      <\/label>\n    <\/div>\n  <\/div>\n<\/form>\n\n\n\n<div style=\"height:19px\" aria-hidden=\"true\" id=\"historia\" class=\"wp-block-spacer\"><\/div>\n\n\n\n<div class=\"is-layout-flow wp-block-group is-style-container\"><div class=\"wp-block-group__inner-container\">\n<h1 class=\"has-text-align-center is-style-container has-large-font-size\" id=\"historia\">Preiswerte Autovermietung auf Mallorca<\/h1>\n\n\n\n<h2 class=\"has-text-align-center has-medium-font-size\">\u2014 HASSO Rent a Car \u2014<\/h2>\n\n\n\n<p class=\"\"><\/p>\n\n\n\n<h2 class=\"has-text-align-left is-style-container\" id=\"historia\" style=\"font-size:27px\">Die billigste Autovermietung auf Mallorca<\/h2>\n\n\n\n<p class=\"has-text-align-left\">Hasso Rent a Car ist eine Autovermietung firma auf Mallorca, die die besten Preise f\u00fcr Mietwagen mit den neuesten Modellen bietet. Dank unserer ausgezeichneten Preise hat sich diese Autovermietung in kurzer Zeit als eine der besten Optionen f\u00fcr die <strong>Anmietung eines Autos auf Mallorca<\/strong> positioniert. Aber es geht nicht nur um g\u00fcnstige Preise. Hasso Rent a Car bietet alle seine Kunden auch einen professionellen und pers\u00f6nlichen Service. Von Ihrer Ankunft auf Mallorca bis zu Ihrer Abreise und w\u00e4hrend Ihres Aufenthalts bem\u00fchen wir uns jeden Tag, sowohl Touristen als auch Gesch\u00e4ftsleuten einen optimalen Service zu bieten.<br>Die Fahrzeuge unserer <strong>g\u00fcnstigen Autovermietung auf Mallorca<\/strong> sind in perfektem Zustand und haben eine Garantie f\u00fcr Zuverl\u00e4ssigkeit. Das bedeutet, dass unsere Kunden sicher sein k\u00f6nnen, dass sie ein optimales Erlebnis haben werden, wenn sie ein Auto bei Hasso Rent a Car anmieten. Dar\u00fcber hinaus verf\u00fcgen wir \u00fcber eine 24-Stunden-Assistenzabteilung, die einen ausgezeichneten Kundenservice und eine breite Palette von Dienstleistungen, wie z. B. die Abholung und R\u00fcckgabe des Fahrzeugs bietet. Kurz gesagt, Hasso Rent a Car hat sich als die g\u00fcnstigste und hochwertigste Autovermietung auf Mallorca positioniert. Mieten Sie Ihr Auto \u00fcber unsere Online-Buchungsmaschine und genie\u00dfen Sie einen Traumurlaub ohne \u00dcberraschungen oder versteckte Kosten.<\/p>\n\n\n<div class=\"wp-block-image\">\n<figure class=\"aligncenter size-large\"><img decoding=\"async\" loading=\"lazy\" width=\"640\" height=\"321\" src=\"https:\/\/www.hasso-rentacar.com\/app\/uploads\/2020\/04\/we_are_3.png\" alt=\"\" class=\"wp-image-288\" srcset=\"https:\/\/www.hasso-rentacar.com\/app\/uploads\/2020\/04\/we_are_3.png 640w, https:\/\/www.hasso-rentacar.com\/app\/uploads\/2020\/04\/we_are_3-300x150.png 300w, https:\/\/www.hasso-rentacar.com\/app\/uploads\/2020\/04\/we_are_3-600x301.png 600w\" sizes=\"(max-width: 640px) 100vw, 640px\" \/><\/figure><\/div>\n\n\n<div style=\"height:43px\" aria-hidden=\"true\" class=\"wp-block-spacer\"><\/div>\n\n\n\n<h2 class=\"has-text-align-left is-style-container\" id=\"historia\" style=\"font-size:27px\">HASSO Rent a Car: von Deutschland nach Mallorca<\/h2>\n\n\n\n<p class=\"has-text-align-left\" style=\"font-size:18px\">Unser Unternehmen wurde 1961 von Hasso Schutzendorf gegr\u00fcndet, einem deutschen Pionier und Gesch\u00e4ftsmann auf Mallorca. Er lie\u00df sich in den 1950er Jahren in Spanien nieder und entschied sich, nachdem er sich in verschiedenen Bereichen versucht hatte, f\u00fcr die Autovermietung. In Castelldefels, Barcelona, gr\u00fcndete er mit einem einzigen Seat 600 sein eigenes Rent a Car-Netz, das inzwischen \u00fcber eine Flotte von mehr als 5.000 Fahrzeugen verf\u00fcgte. Er war ein Pionier in der Entwicklung des Binnentourismus auf den Balearen, da er zeitgleich mit der gro\u00dfen Expansion des Tourismus ein breites Angebot an Rent a Car-Diensten am Flughafen und in den Hotels von Mallorca schuf.<br>Hasso war nicht nur ein Unternehmer, sondern auch ein gro\u00dfer Liebhaber des Lebens und der Freiheit, was sich bis heute in seinem Verm\u00e4chtnis widerspiegelt. Er lebte auf einem Anwesen, umgeben von L\u00f6wen und einem Schimpansen, und gr\u00fcndete eine Stiftung, die sich um ausgesetzte Tiere k\u00fcmmerte. Seine tiefe Liebe zu Carpe Diem inspiriert uns jeden Tag aufs neue Produkte, Preise und Rent a Car Dienstleistungen auf Mallorca anzubieten, die es unseren Kunden erm\u00f6glichen, unsere Insel in Freiheit und auf eine Weise zu erleben, die f\u00fcr jeden Geldbeutel geeignet ist.<\/p>\n\n\n\n<p class=\"has-text-align-center\" style=\"font-size:18px\">Wir laden Sie ein, Mallorca ohne Grenzen zu entdecken. Machen Sie sich bereit, Ihr Mietauto im reinsten Hasso-Stil zu fahren.<\/p>\n\n\n\n<div style=\"height:20px\" aria-hidden=\"true\" id=\"mision\" class=\"wp-block-spacer\"><\/div>\n<\/div><\/div>\n\n\n\n<hr class=\"wp-block-separator has-text-color has-blue-color has-alpha-channel-opacity has-blue-background-color has-background is-style-wide\"\/>\n\n\n\n<div style=\"height:20px\" aria-hidden=\"true\" id=\"mision\" class=\"wp-block-spacer\"><\/div>\n\n\n\n<h2 class=\"has-text-align-center\" style=\"font-size:27px\">Autovermietung mit kostenloser Stornierung<\/h2>\n\n\n\n<p class=\"has-text-align-center\" style=\"font-size:18px\">Buchen Sie Ihren Mietwagen online mit den gew\u00fcnschten Extras und genie\u00dfen Sie Ihre Anmietung mit der Garantie unserer kostenlosen Stornierungsbedingungen. Unser Service bietet Ihnen Stornierung und \u00c4nderung bis zu 48 Stunden vor Ihrer Reservierung ohne zus\u00e4tzliche Kosten, wenn Sie den Cool-Tarif w\u00e4hlen. Worauf warten Sie noch? Schauen Sie sich unsere Flotte an und buchen Sie das Auto das Ihnen am besten gef\u00e4llt, mit der Gewissheit, dass wir uns an Sie anpassen wenn sich Ihre Pl\u00e4ne \u00e4ndern.<\/p>\n\n\n\n<div class=\"is-content-justification-center is-layout-flex wp-container-2 wp-block-buttons\">\n<div class=\"wp-block-button\"><a class=\"wp-block-button__link has-blue-background-color has-background wp-element-button\" href=\"https:\/\/www.hasso-rentacar.com\/de\/\" style=\"border-radius:10px\">BUCHEN SIE<\/a><\/div>\n<\/div>\n\n\n\n<div style=\"height:20px\" aria-hidden=\"true\" id=\"mision\" class=\"wp-block-spacer\"><\/div>\n\n\n\n<hr class=\"wp-block-separator has-text-color has-blue-color has-alpha-channel-opacity has-blue-background-color has-background is-style-wide\"\/>\n\n\n\n<div style=\"height:20px\" aria-hidden=\"true\" id=\"mision\" class=\"wp-block-spacer\"><\/div>\n\n\n\n<div id=\"mision\" class=\"is-layout-flow wp-block-group\"><div class=\"wp-block-group__inner-container\">\n<blockquote class=\"wp-block-quote has-text-align-center\" style=\"font-size:18px\">\n<p class=\"\" style=\"font-size:27px\">Unsere Mission<\/p>\n<cite>Wir m\u00f6chten Ihnen jeden Winkel Mallorcas zeigen, mit der absoluten Freiheit die Sie haben, wenn Sie Ihr eigenes Transportmittel haben. Wir von HASSO Rent a Car glauben, dass es m\u00f6glich ist einen g\u00fcnstigen Mietwagen mit allem was Sie brauchen, zu genie\u00dfen.<br>Wir m\u00f6chten mit Ihnen der Zauber Mallorcas an Bord unseres Mietwagens teilen: Tauchen Sie ein in die verstecktesten Buchten wie Sa Calobra, erforschen Sie die magischen H\u00f6hlen von Drach oder bewundern Sie den unglaublichen Sonnenuntergang am Kap von Formentor.<br>Kommen Sie mit uns an Bord!<\/cite><\/blockquote>\n<\/div><\/div>\n\n\n\n<div style=\"height:20px\" aria-hidden=\"true\" id=\"opiniones\" class=\"wp-block-spacer\"><\/div>\n\n\n\n<div id=\"opiniones\" class=\"is-layout-flow wp-block-group\"><div class=\"wp-block-group__inner-container\"><div class=\"blocks__testimonial__list__container\">\n  <h5 class=\"blocks__testimonials__pretitle\"><\/h5>\n  <h2 class=\"blocks__testimonials__title\">Kundenrezensionen<\/h2>\n  <p class=\"blocks__testimonials__subtitle\"><\/p>\n  <ul class=\"blocks__testimonial__list slider\">\n          <li class=\"blocks__testimonials__item\">\n  <div class=\"blocks__testimonials__item__message\">\n    <h5 class=\"blocks__testimonials__item__message__title\">Alles OK<\/h5>\n    <p>Es hat alles bestens funktioniert Shuttle bzw . Mietwagen , einfach perfekt weiter so. Beste Gr\u00fc\u00dfe<\/p>\n    <p class=\"blocks__testimonials__item__message__author\">\n      Tobias Wockenfuss\n    <\/p>\n  <\/div>\n  <div class=\"blocks__testimonials__item__image\">\n      <\/div>\n<\/li>          <li class=\"blocks__testimonials__item\">\n  <div class=\"blocks__testimonials__item__message\">\n    <h5 class=\"blocks__testimonials__item__message__title\">Alles toll!<\/h5>\n    <p>Beste Autovermietung auf Mallorca. Super Service, sehr freundliche Bedienung und klasse Autos. Wir haben schon viele Jahre nur allerbeste Erfahrungen gemacht! Danke HASSO<\/p>\n    <p class=\"blocks__testimonials__item__message__author\">\n      Bernd\n    <\/p>\n  <\/div>\n  <div class=\"blocks__testimonials__item__image\">\n      <\/div>\n<\/li>          <li class=\"blocks__testimonials__item\">\n  <div class=\"blocks__testimonials__item__message\">\n    <h5 class=\"blocks__testimonials__item__message__title\">Gute Service. Danke!<\/h5>\n    <p>Immer wieder gerne \ud83d\ude42 Super Service, keine versteckten Kosten, keine langen Wartezeiten, Autos TOP und keine Probleme beim Akzeptieren der EC oder Kreditkarte. Weiter so! Danke!Immer wieder gerne \ud83d\ude42 Super Service, keine versteckten Kosten, keine langen Wartezeiten, Autos TOP und keine Probleme beim Akzeptieren der EC oder Kreditkarte. Weiter so! Danke!<\/p>\n    <p class=\"blocks__testimonials__item__message__author\">\n      Karin\n    <\/p>\n  <\/div>\n  <div class=\"blocks__testimonials__item__image\">\n      <\/div>\n<\/li>          <li class=\"blocks__testimonials__item\">\n  <div class=\"blocks__testimonials__item__message\">\n    <h5 class=\"blocks__testimonials__item__message__title\">Immer HASSO<\/h5>\n    <p>Seit 1970 sind wir immer zufrieden. Immer wieder Mallorca &#8211; Immer wieder HASSO<\/p>\n    <p class=\"blocks__testimonials__item__message__author\">\n      G\u00fcnter\n    <\/p>\n  <\/div>\n  <div class=\"blocks__testimonials__item__image\">\n      <\/div>\n<\/li>          <li class=\"blocks__testimonials__item\">\n  <div class=\"blocks__testimonials__item__message\">\n    <h5 class=\"blocks__testimonials__item__message__title\">Gro\u00dfartige Autovermietung<\/h5>\n    <p>Toller Service, angemessene Preise, wir bekamen wir ein sehr sch\u00f6nes Auto (kein Einstiegsmodell, sondern die extra Luxus-Version, einschlie\u00dflich Automatik und Navigation usw.) und keine aufdringlichen Verk\u00e4ufer, die ihre zus\u00e4tzliche Versicherung verkaufen wollen; sehr zu empfehlen!<\/p>\n    <p class=\"blocks__testimonials__item__message__author\">\n      Joris\n    <\/p>\n  <\/div>\n  <div class=\"blocks__testimonials__item__image\">\n      <\/div>\n<\/li>          <li class=\"blocks__testimonials__item\">\n  <div class=\"blocks__testimonials__item__message\">\n    <h5 class=\"blocks__testimonials__item__message__title\">Einzigartiger Service<\/h5>\n    <p>Die beste Autovermietung die ich kenne,\u2028Immer absolut top Autos, neue Modelle, sehr gepflegte Autos.\u2028Der Service und die gesamte Abwickelung sind einzigartig<\/p>\n    <p class=\"blocks__testimonials__item__message__author\">\n      Stephen\n    <\/p>\n  <\/div>\n  <div class=\"blocks__testimonials__item__image\">\n      <\/div>\n<\/li>          <svg xmlns=\"http:\/\/www.w3.org\/2000\/svg\" width=\"20.962\" height=\"31.086\" viewBox=\"0 0 20.962 31.086\" class=\"slider__arrow--left\">\n  <path id=\"Trazado_3034\" data-name=\"Trazado 3034\" d=\"M-9320.7,625.113l-19.332,13.821,19.332,15.675\" transform=\"translate(9341.028 -624.3)\" fill=\"none\" stroke=\"\" stroke-linejoin=\"round\" stroke-width=\"2\"\/>\n<\/svg>      <svg xmlns=\"http:\/\/www.w3.org\/2000\/svg\" width=\"20.962\" height=\"31.086\" viewBox=\"0 0 20.962 31.086\" class=\"slider__arrow--right\">\n  <path id=\"Trazado_3035\" data-name=\"Trazado 3035\" d=\"M-9320.7,625.113l-19.332,13.821,19.332,15.675\" transform=\"translate(-9320.066 655.386) rotate(180)\" fill=\"none\" stroke=\"\" stroke-linejoin=\"round\" stroke-width=\"2\"\/>\n<\/svg>  <\/ul>\n<\/div><\/div><\/div>\n","protected":false},"excerpt":{"rendered":"<p>Preiswerte Autovermietung auf Mallorca \u2014 HASSO Rent a Car \u2014 Die billigste Autovermietung auf Mallorca Hasso Rent a Car ist eine Autovermietung firma auf Mallorca, die die besten Preise f\u00fcr Mietwagen mit den neuesten Modellen bietet. Dank unserer ausgezeichneten Preise hat sich diese Autovermietung in kurzer Zeit als eine der besten Optionen f\u00fcr die Anmietung &hellip; <a href=\"https:\/\/www.hasso-rentacar.com\/de\/geschichte-von-hasso\/\">Fortgesetzt<\/a><\/p>\n","protected":false},"author":9,"featured_media":0,"parent":0,"menu_order":0,"comment_status":"closed","ping_status":"closed","template":"","meta":[],"yoast_head":"<!-- This site is optimized with the Yoast SEO plugin v20.1 - https:\/\/yoast.com\/wordpress\/plugins\/seo\/ -->\n<title>Die Geschichte unserer Autovermietung auf Mallorca | Hasso<\/title>\n<meta name=\"description\" content=\"Seit 1961 bietet Ihnen HASSO die beste Autovermietung auf Mallorca. Erfahren Sie mehr \u00fcber uns und unsere Geschichte.\" \/>\n<meta name=\"robots\" content=\"index, follow, max-snippet:-1, max-image-preview:large, max-video-preview:-1\" \/>\n<link rel=\"canonical\" href=\"https:\/\/www.hasso-rentacar.com\/de\/geschichte-von-hasso\/\" \/>\n<meta property=\"og:locale\" content=\"de_DE\" \/>\n<meta property=\"og:type\" content=\"article\" \/>\n<meta property=\"og:title\" content=\"Die Geschichte unserer Autovermietung auf Mallorca | Hasso\" \/>\n<meta property=\"og:description\" content=\"Seit 1961 bietet Ihnen HASSO die beste Autovermietung auf Mallorca. Erfahren Sie mehr \u00fcber uns und unsere Geschichte.\" \/>\n<meta property=\"og:url\" content=\"https:\/\/www.hasso-rentacar.com\/de\/geschichte-von-hasso\/\" \/>\n<meta property=\"og:site_name\" content=\"Hasso Rentacar\" \/>\n<meta property=\"article:modified_time\" content=\"2024-02-19T12:42:12+00:00\" \/>\n<meta property=\"og:image\" content=\"https:\/\/www.hasso-rentacar.com\/app\/uploads\/2020\/04\/we_are_3.png\" \/>\n<meta name=\"twitter:card\" content=\"summary_large_image\" \/>\n<meta name=\"twitter:label1\" content=\"Est. reading time\" \/>\n\t<meta name=\"twitter:data1\" content=\"3 minutes\" \/>\n<script type=\"application\/ld+json\" class=\"yoast-schema-graph\">{\"@context\":\"https:\/\/schema.org\",\"@graph\":[{\"@type\":\"WebPage\",\"@id\":\"https:\/\/www.hasso-rentacar.com\/de\/geschichte-von-hasso\/\",\"url\":\"https:\/\/www.hasso-rentacar.com\/de\/geschichte-von-hasso\/\",\"name\":\"Die Geschichte unserer Autovermietung auf Mallorca | Hasso\",\"isPartOf\":{\"@id\":\"https:\/\/www.hasso-rentacar.com\/#website\"},\"datePublished\":\"2020-04-02T10:54:03+00:00\",\"dateModified\":\"2024-02-19T12:42:12+00:00\",\"description\":\"Seit 1961 bietet Ihnen HASSO die beste Autovermietung auf Mallorca. Erfahren Sie mehr \u00fcber uns und unsere Geschichte.\",\"breadcrumb\":{\"@id\":\"https:\/\/www.hasso-rentacar.com\/de\/geschichte-von-hasso\/#breadcrumb\"},\"inLanguage\":\"de-DE\",\"potentialAction\":[{\"@type\":\"ReadAction\",\"target\":[\"https:\/\/www.hasso-rentacar.com\/de\/geschichte-von-hasso\/\"]}]},{\"@type\":\"BreadcrumbList\",\"@id\":\"https:\/\/www.hasso-rentacar.com\/de\/geschichte-von-hasso\/#breadcrumb\",\"itemListElement\":[{\"@type\":\"ListItem\",\"position\":1,\"name\":\"Home\",\"item\":\"https:\/\/www.hasso-rentacar.com\/de\/\"},{\"@type\":\"ListItem\",\"position\":2,\"name\":\"Geschichte von Hasso\"}]},{\"@type\":\"WebSite\",\"@id\":\"https:\/\/www.hasso-rentacar.com\/#website\",\"url\":\"https:\/\/www.hasso-rentacar.com\/\",\"name\":\"Hasso Rentacar\",\"description\":\"\",\"potentialAction\":[{\"@type\":\"SearchAction\",\"target\":{\"@type\":\"EntryPoint\",\"urlTemplate\":\"https:\/\/www.hasso-rentacar.com\/?s={search_term_string}\"},\"query-input\":\"required name=search_term_string\"}],\"inLanguage\":\"de-DE\"}]}<\/script>\n<!-- \/ Yoast SEO plugin. -->","yoast_head_json":{"title":"Die Geschichte unserer Autovermietung auf Mallorca | Hasso","description":"Seit 1961 bietet Ihnen HASSO die beste Autovermietung auf Mallorca. Erfahren Sie mehr \u00fcber uns und unsere Geschichte.","robots":{"index":"index","follow":"follow","max-snippet":"max-snippet:-1","max-image-preview":"max-image-preview:large","max-video-preview":"max-video-preview:-1"},"canonical":"https:\/\/www.hasso-rentacar.com\/de\/geschichte-von-hasso\/","og_locale":"de_DE","og_type":"article","og_title":"Die Geschichte unserer Autovermietung auf Mallorca | Hasso","og_description":"Seit 1961 bietet Ihnen HASSO die beste Autovermietung auf Mallorca. Erfahren Sie mehr \u00fcber uns und unsere Geschichte.","og_url":"https:\/\/www.hasso-rentacar.com\/de\/geschichte-von-hasso\/","og_site_name":"Hasso Rentacar","article_modified_time":"2024-02-19T12:42:12+00:00","og_image":[{"url":"https:\/\/www.hasso-rentacar.com\/app\/uploads\/2020\/04\/we_are_3.png"}],"twitter_card":"summary_large_image","twitter_misc":{"Est. reading time":"3 minutes"},"schema":{"@context":"https:\/\/schema.org","@graph":[{"@type":"WebPage","@id":"https:\/\/www.hasso-rentacar.com\/de\/geschichte-von-hasso\/","url":"https:\/\/www.hasso-rentacar.com\/de\/geschichte-von-hasso\/","name":"Die Geschichte unserer Autovermietung auf Mallorca | Hasso","isPartOf":{"@id":"https:\/\/www.hasso-rentacar.com\/#website"},"datePublished":"2020-04-02T10:54:03+00:00","dateModified":"2024-02-19T12:42:12+00:00","description":"Seit 1961 bietet Ihnen HASSO die beste Autovermietung auf Mallorca. Erfahren Sie mehr \u00fcber uns und unsere Geschichte.","breadcrumb":{"@id":"https:\/\/www.hasso-rentacar.com\/de\/geschichte-von-hasso\/#breadcrumb"},"inLanguage":"de-DE","potentialAction":[{"@type":"ReadAction","target":["https:\/\/www.hasso-rentacar.com\/de\/geschichte-von-hasso\/"]}]},{"@type":"BreadcrumbList","@id":"https:\/\/www.hasso-rentacar.com\/de\/geschichte-von-hasso\/#breadcrumb","itemListElement":[{"@type":"ListItem","position":1,"name":"Home","item":"https:\/\/www.hasso-rentacar.com\/de\/"},{"@type":"ListItem","position":2,"name":"Geschichte von Hasso"}]},{"@type":"WebSite","@id":"https:\/\/www.hasso-rentacar.com\/#website","url":"https:\/\/www.hasso-rentacar.com\/","name":"Hasso Rentacar","description":"","potentialAction":[{"@type":"SearchAction","target":{"@type":"EntryPoint","urlTemplate":"https:\/\/www.hasso-rentacar.com\/?s={search_term_string}"},"query-input":"required name=search_term_string"}],"inLanguage":"de-DE"}]}},"_links":{"self":[{"href":"https:\/\/www.hasso-rentacar.com\/de\/wp-json\/wp\/v2\/pages\/480"}],"collection":[{"href":"https:\/\/www.hasso-rentacar.com\/de\/wp-json\/wp\/v2\/pages"}],"about":[{"href":"https:\/\/www.hasso-rentacar.com\/de\/wp-json\/wp\/v2\/types\/page"}],"author":[{"embeddable":true,"href":"https:\/\/www.hasso-rentacar.com\/de\/wp-json\/wp\/v2\/users\/9"}],"replies":[{"embeddable":true,"href":"https:\/\/www.hasso-rentacar.com\/de\/wp-json\/wp\/v2\/comments?post=480"}],"version-history":[{"count":26,"href":"https:\/\/www.hasso-rentacar.com\/de\/wp-json\/wp\/v2\/pages\/480\/revisions"}],"predecessor-version":[{"id":3556,"href":"https:\/\/www.hasso-rentacar.com\/de\/wp-json\/wp\/v2\/pages\/480\/revisions\/3556"}],"wp:attachment":[{"href":"https:\/\/www.hasso-rentacar.com\/de\/wp-json\/wp\/v2\/media?parent=480"}],"curies":[{"name":"wp","href":"https:\/\/api.w.org\/{rel}","templated":true}]}}