{"id":499,"date":"2020-04-02T11:05:05","date_gmt":"2020-04-02T11:05:05","guid":{"rendered":"https:\/\/www.hasso-rentacar.com\/servicios-hasso\/"},"modified":"2024-07-05T15:12:45","modified_gmt":"2024-07-05T15:12:45","slug":"hasso-serviceleistungen","status":"publish","type":"page","link":"https:\/\/www.hasso-rentacar.com\/de\/hasso-serviceleistungen\/","title":{"rendered":"HASSO Serviceleistungen"},"content":{"rendered":"\n<p class=\"\"><\/p>\n\n<div class=\"is-layout-flex wp-container-2 wp-block-columns are-vertically-aligned-center menu-secundario masborde has-blue-700-background-color has-background m-0\">\n<div class=\"is-layout-flow wp-block-column is-vertically-aligned-center has-blue-700-background-color has-background p-0\" style=\"flex-basis:100%\"><div class=\"wp-block-image inline-block opacity\">\n<figure class=\"aligncenter size-large\"><a href=\"https:\/\/www.hasso-rentacar.com\/de\/konditionen\/\"><img decoding=\"async\" loading=\"lazy\" width=\"43\" height=\"44\" src=\"https:\/\/www.hasso-rentacar.com\/app\/uploads\/2020\/04\/Grupo-286.svg\" alt=\"\" class=\"wp-image-111\"\/><\/a><figcaption class=\"wp-element-caption\">Condiciones<\/figcaption><\/figure><\/div>\n\n<div class=\"wp-block-image inline-block\">\n<figure class=\"aligncenter size-large\"><a href=\"https:\/\/www.hasso-rentacar.com\/de\/hasso-serviceleistungen\/\"><img decoding=\"async\" loading=\"lazy\" width=\"41\" height=\"49\" src=\"https:\/\/www.hasso-rentacar.com\/app\/uploads\/2020\/04\/Group-284.svg\" alt=\"\" class=\"wp-image-270\"\/><\/a><figcaption class=\"wp-element-caption\">Servicios<\/figcaption><\/figure><\/div>\n\n<div class=\"wp-block-image inline-block opacity\">\n<figure class=\"aligncenter size-large\"><a href=\"https:\/\/www.hasso-rentacar.com\/de\/faqs\/\"><img decoding=\"async\" loading=\"lazy\" width=\"63\" height=\"55\" src=\"https:\/\/www.hasso-rentacar.com\/app\/uploads\/2020\/04\/Group-285.svg\" alt=\"\" class=\"wp-image-271\"\/><\/a><figcaption class=\"wp-element-caption\">FAQS<\/figcaption><\/figure><\/div><\/div>\n<\/div>\n\n<h1 class=\"has-text-align-center\"><br\/>Servicios y Extras<\/h1>\n\n<div style=\"height:30px\" aria-hidden=\"true\" class=\"wp-block-spacer\"><\/div>\n\n<h3 class=\"has-text-align-center\"> SERVICIOS<\/h3>\n\n<div style=\"height:20px\" aria-hidden=\"true\" class=\"wp-block-spacer\"><\/div>\n\n<p class=\"has-text-align-center\">En HASSO sabemos que alquilar un coche en Mallorca es, fundamentalmente, solucionar una necesidad de transporte durante tu estancia, pero tambi\u00e9n tenemos muy claro que podemos y queremos ir m\u00e1s all\u00e1. Estas son todas las ventajas de las que puedes disfrutar con HASSO:<\/p>\n\n<div class=\"wp-block-hasso-info-box blocks__info-box\"><div class=\"blocks__info-box__image\"><img decoding=\"async\" bb=\"image\" bb-id=\"371\" src=\"https:\/\/www.hasso-rentacar.com\/app\/uploads\/2020\/04\/condiciones_gasolina_lleno_lleno.png\" alt=\"\" title=\"condiciones_gasolina_lleno_lleno\"\/><\/div><div class=\"blocks__info-box__content\"><h4 bb=\"title\" class=\"blocks__info-box__title\">POL\u00cdTICAS DE COMBUSTIBLE LLENO-LLENO <\/h4><p bb=\"text\" class=\"blocks__info-box__text\">En HASSO, sabemos por experiencia que esta es una de las cuestiones que m\u00e1s inquietan a nuestros clientes. Por eso, queremos pon\u00e9rtelo muy f\u00e1cil. Y te aseguramos que lo conseguimos: recibir\u00e1s tu coche de alquiler con el dep\u00f3sito lleno y \u00fanicamente tendr\u00e1s que devolverlo tal cual, sin pagar m\u00e1s por ello. Y si no tienes tiempo de repostar, te cobraremos el importe de la gasolina que falta m\u00e1s un suplemento por gastos por gesti\u00f3n de repostaje. Si quieres acogerte a esta opci\u00f3n, necesitar\u00e1s disponer de una tarjeta de cr\u00e9dito. \u00bfNo la tienes? No hay problema: tambi\u00e9n puedes recoger y devolver el coche en nuestras oficinas, dejando un dep\u00f3sito por el importe de la gasolina. Te lo reintegraremos el \u00faltimo d\u00eda, cuando hagas la devoluci\u00f3n del coche lleno. \u00a1M\u00e1s sencillo, imposible!<\/p><\/div><\/div>\n\n<div class=\"wp-block-hasso-info-box blocks__info-box\"><div class=\"blocks__info-box__image\"><img decoding=\"async\" bb=\"image\" bb-id=\"377\" src=\"https:\/\/www.hasso-rentacar.com\/app\/uploads\/2020\/04\/condiciones_modificacion-de-la-reserva.png\" alt=\"\" title=\"condiciones_modificacion-de-la-reserva\"\/><\/div><div class=\"blocks__info-box__content\"><h4 bb=\"title\" class=\"blocks__info-box__title\">CANCELACI\u00d3N O MODIFICACI\u00d3N DE LA RESERVA <\/h4><p bb=\"text\" class=\"blocks__info-box__text\">Nadie est\u00e1 a salvo de sufrir imprevistos, ni siquiera en vacaciones. As\u00ed lo entendemos nosotros y actuamos en consecuencia. Para que no tengas que preocuparte de nada, podr\u00e1s modificar o cancelar la reserva de tu coche de alquiler en Mallorca gratis hasta 48 horas antes de recoger tu veh\u00edculo (salvo en determinadas ofertas no cancelables). Para cancelar la reserva, solo tienes que enviarnos un correo electr\u00f3nico a info@hasso-rentacar.com, indicando el nombre y el n\u00famero de reserva de alquiler.\u00a0Si lo haces 48 horas antes del momento de inicio de tu reserva online, no te costar\u00e1 nada. <\/p><\/div><\/div>\n\n<div class=\"wp-block-hasso-info-box blocks__info-box\"><div class=\"blocks__info-box__image\"><img decoding=\"async\" bb=\"image\" bb-id=\"1887\" src=\"https:\/\/www.hasso-rentacar.com\/app\/uploads\/2022\/07\/conductor_joven.png\" alt=\"\" title=\"conductor_joven\"\/><\/div><div class=\"blocks__info-box__content\"><h4 bb=\"title\" class=\"blocks__info-box__title\">EDAD DEL CONDUCTOR<\/h4><p bb=\"text\" class=\"blocks__info-box__text\">Podr\u00e1 acceder a nuestros servicios de alquiler de coches en Mallorca cualquier persona de 21 a\u00f1os o m\u00e1s, y que tenga permiso de conducir con un m\u00ednimo de un a\u00f1o de antig\u00fcedad. Para los modelos de coche especiales, el conductor ha de tener m\u00e1s de 25 a\u00f1os.  <\/p><\/div><\/div>\n\n<div class=\"wp-block-hasso-info-box blocks__info-box\"><div class=\"blocks__info-box__image\"><img decoding=\"async\" bb=\"image\" bb-id=\"1916\" src=\"https:\/\/www.hasso-rentacar.com\/app\/uploads\/2022\/09\/Kilometraje_ilimitado.png\" alt=\"\" title=\"Kilometraje_ilimitado\"\/><\/div><div class=\"blocks__info-box__content\"><h4 bb=\"title\" class=\"blocks__info-box__title\">KILOMETRAJE ILIMITADO<\/h4><p bb=\"text\" class=\"blocks__info-box__text\">Para que puedas disfrutar viajando por toda la isla sin ninguna preocupaci\u00f3n, aprovecha nuestro servicio de kilometraje ilimitado, incluido en el precio de la Tarifa Brave y la Tarifa Cool.<\/p><\/div><\/div>\n\n<div style=\"height:65px\" aria-hidden=\"true\" class=\"wp-block-spacer\"><\/div>\n\n<h3 class=\"has-text-align-center\">EXTRAS<\/h3>\n\n<div style=\"height:20px\" aria-hidden=\"true\" class=\"wp-block-spacer\"><\/div>\n\n<p class=\"has-text-align-center\">Adem\u00e1s, desde HASSO, queremos darte la posibilidad de personalizar tu experiencia todo lo que necesites. <br\/>Por eso, ponemos a tu disposici\u00f3n una gama muy amplia de extras que podr\u00e1s a\u00f1adir a tu reserva para asegurarte una experiencia sin igual al volante en un entorno incomparable, Mallorca:<\/p>\n\n<div class=\"wp-block-hasso-info-box blocks__info-box\"><div class=\"blocks__info-box__image\"><img decoding=\"async\" bb=\"image\" bb-id=\"398\" src=\"https:\/\/www.hasso-rentacar.com\/app\/uploads\/2020\/04\/condiciones_modelos-de-coche.png\" alt=\"\" title=\"condiciones_modelos-de-coche\"\/><\/div><div class=\"blocks__info-box__content\"><h4 bb=\"title\" class=\"blocks__info-box__title\">MODELOS DE COCHE<\/h4><p bb=\"text\" class=\"blocks__info-box__text\">Para facilitarte el proceso de reserva y permitirte tomar una decisi\u00f3n de forma sencilla, HASSO dispone de un \u00fanico modelo de veh\u00edculo por categor\u00eda, con coches de las primeras marcas y de diversos tama\u00f1os y prestaciones. No obstante, si por causas ajenas a nuestra voluntad no dispusi\u00e9ramos del modelo de coche alquilado, la empresa se reserva el derecho a cambiarlo, sustituy\u00e9ndolo siempre por otro similar al reservado o de una categor\u00eda superior por el mismo precio.   <\/p><\/div><\/div>\n\n<div class=\"wp-block-hasso-info-box blocks__info-box\"><div class=\"blocks__info-box__image\"><img decoding=\"async\" bb=\"image\" bb-id=\"1874\" src=\"https:\/\/www.hasso-rentacar.com\/app\/uploads\/2022\/07\/CONDUCTOR_ADICIONAL_hasso.png\" alt=\"\" title=\"CONDUCTOR_ADICIONAL_hasso\"\/><\/div><div class=\"blocks__info-box__content\"><h4 bb=\"title\" class=\"blocks__info-box__title\"> CONDUCTOR ADICIONAL <\/h4><p bb=\"text\" class=\"blocks__info-box__text\">Si piensas compartir el coche con uno o m\u00e1s acompa\u00f1antes y quieres que alguien te releve conduciendo para descansar, solo tienes que a\u00f1adir a un conductor adicional en el contrato de alquiler. Mallorca es una tierra que debe disfrutarse sin prisas. Desde su espectacular capital, Palma, hasta sus fotog\u00e9nicas calas y playas, pasando por sus encantadores pueblos de pescadores, ciudades amuralladas como Alc\u00fadia, espectaculares cuevas como las del Drach o Art\u00e0\u2026 Y para ello, nada mejor que ponerte al volante de uno de nuestros coches de alquiler.  <\/p><\/div><\/div>\n\n<div class=\"wp-block-hasso-info-box blocks__info-box\"><div class=\"blocks__info-box__image\"><img decoding=\"async\" bb=\"image\" bb-id=\"401\" src=\"https:\/\/www.hasso-rentacar.com\/app\/uploads\/2020\/04\/condiciones_sillitas_elevadores.png\" alt=\"\" title=\"condiciones_sillitas_elevadores\"\/><\/div><div class=\"blocks__info-box__content\"><h4 bb=\"title\" class=\"blocks__info-box__title\">SILLAS DE BEB\u00c9 Y ELEVADORES<\/h4><p bb=\"text\" class=\"blocks__info-box__text\">En HASSO, disponemos de sillas de beb\u00e9 por si necesitas viajar con ni\u00f1os a Mallorca. Cons\u00faltanos sobre los modelos disponibles y sus precios y te informaremos encantados. Podr\u00e1s pedirnos tanto sillitas como elevadores con o sin respaldo. La instalaci\u00f3n de estos extras la lleva a cabo cada conductor. Por este motivo, HASSO no se hace responsable de aquellos problemas que puedan surgir por una incorrecta instalaci\u00f3n de las sillitas infantiles.   <\/p><\/div><\/div>\n\n<div class=\"wp-block-hasso-info-box blocks__info-box\"><div class=\"blocks__info-box__image\"><img decoding=\"async\" bb=\"image\" bb-id=\"1871\" src=\"https:\/\/www.hasso-rentacar.com\/app\/uploads\/2022\/07\/GPS_hasso.png\" alt=\"\" title=\"GPS_hasso\"\/><\/div><div class=\"blocks__info-box__content\"><h4 bb=\"title\" class=\"blocks__info-box__title\">ALQUILER DE GPS<\/h4><p bb=\"text\" class=\"blocks__info-box__text\">En HASSO, ponemos a tu disposici\u00f3n la opci\u00f3n de alquilar un GPS para tu coche en caso de que el modelo que hayas alquilado no cuente con uno incorporado. El GPS en Mallorca es la mejor forma de llegar a todas partes y a los mejores rincones por las bellas carreteras de la isla y con la seguridad de no perderse.    <\/p><\/div><\/div>\n\n<div class=\"wp-block-hasso-info-box blocks__info-box\"><div class=\"blocks__info-box__image\"><img decoding=\"async\" bb=\"image\" bb-id=\"413\" src=\"https:\/\/www.hasso-rentacar.com\/app\/uploads\/2020\/04\/extra_maxicosi.png\" alt=\"\" title=\"extra_maxicosi\"\/><\/div><div class=\"blocks__info-box__content\"><h4 bb=\"title\" class=\"blocks__info-box__title\">MAXI-COSI \u2122<\/h4><p bb=\"text\" class=\"blocks__info-box__text\">Los m\u00e1s peque\u00f1os de la casa siempre est\u00e1n presentes para nosotros. Por esta raz\u00f3n, con HASSO tendr\u00e1s la oportunidad de alquilar un Maxi-Cosi \u2122 para asegurarte de que tu peque viaja c\u00f3modo y seguro durante tu viaje a Mallorca.      <\/p><\/div><\/div>\n\n<div class=\"wp-block-hasso-info-box blocks__info-box\"><div class=\"blocks__info-box__image\"><img decoding=\"async\" bb=\"image\" bb-id=\"1919\" src=\"https:\/\/www.hasso-rentacar.com\/app\/uploads\/2022\/09\/sustitucion_vehiculo.png\" alt=\"\" title=\"sustitucion_vehiculo\"\/><\/div><div class=\"blocks__info-box__content\"><h4 bb=\"title\" class=\"blocks__info-box__title\">SUSTITUCI\u00d3N DE VEH\u00cdCULO<\/h4><p bb=\"text\" class=\"blocks__info-box__text\">Desde HASSO queremos facilitar tu viaje al m\u00e1ximo y quitarte preocupaciones durante tus vacaciones en Mallorca, en caso de que algo pudiera ocurrir. Por ello, en caso de aver\u00eda o accidente, reemplazaremos tu veh\u00edculo da\u00f1ado por otro de nuestra flota por 18\u20ac por reserva.<\/p><\/div><\/div>\n\n<div class=\"wp-block-hasso-info-box blocks__info-box\"><div class=\"blocks__info-box__image\"><img decoding=\"async\" bb=\"image\" bb-id=\"1924\" src=\"https:\/\/www.hasso-rentacar.com\/app\/uploads\/2022\/09\/HACAL.png\" alt=\"\" title=\"HACAL\"\/><\/div><div class=\"blocks__info-box__content\"><h4 bb=\"title\" class=\"blocks__info-box__title\">PAQUETE GUARDAESPALDAS<\/h4><p bb=\"text\" class=\"blocks__info-box__text\">En HASSO podr\u00e1s contratar nuestro paquete \u2018Guardaespaldas\u2019, por 10\u20ac al d\u00eda, que le eximir\u00e1 del pago de los gastos de tramitaci\u00f3n de accidente, gastos en concepto de gesti\u00f3n de multas, p\u00e9rdida o rotura de llaves y gastos por gesti\u00f3n de repostaje de combustible.<\/p><\/div><\/div>\n\n<div class=\"is-layout-flex wp-container-5 wp-block-columns\">\n<div class=\"is-layout-flow wp-block-column\"><\/div>\n\n\n\n<div class=\"is-layout-flow wp-block-column\"><\/div>\n<\/div>\n","protected":false},"excerpt":{"rendered":"<p>Servicios y Extras SERVICIOS En HASSO sabemos que alquilar un coche en Mallorca es, fundamentalmente, solucionar una necesidad de transporte durante tu estancia, pero tambi\u00e9n tenemos muy claro que podemos y queremos ir m\u00e1s all\u00e1. Estas son todas las ventajas de las que puedes disfrutar con HASSO: EXTRAS Adem\u00e1s, desde HASSO, queremos darte la posibilidad &hellip; <a href=\"https:\/\/www.hasso-rentacar.com\/de\/hasso-serviceleistungen\/\">Fortgesetzt<\/a><\/p>\n","protected":false},"author":9,"featured_media":0,"parent":0,"menu_order":0,"comment_status":"closed","ping_status":"closed","template":"","meta":[],"yoast_head":"<!-- This site is optimized with the Yoast SEO plugin v20.1 - https:\/\/yoast.com\/wordpress\/plugins\/seo\/ -->\n<title>Unsere exklusiven Serviceleistungen | Hasso<\/title>\n<meta name=\"description\" content=\"Entdecken Sie die Dienstleistungen unserer Mietwagen: Extras, Zweitfahrer, Zusatzversicherung, Shuttlebus-Service zum Flughafen Palma und vieles mehr.\" \/>\n<meta name=\"robots\" content=\"index, follow, max-snippet:-1, max-image-preview:large, max-video-preview:-1\" \/>\n<link rel=\"canonical\" href=\"https:\/\/www.hasso-rentacar.com\/de\/hasso-serviceleistungen\/\" \/>\n<meta property=\"og:locale\" content=\"de_DE\" \/>\n<meta property=\"og:type\" content=\"article\" \/>\n<meta property=\"og:title\" content=\"Unsere exklusiven Serviceleistungen | Hasso\" \/>\n<meta property=\"og:description\" content=\"Entdecken Sie die Dienstleistungen unserer Mietwagen: Extras, Zweitfahrer, Zusatzversicherung, Shuttlebus-Service zum Flughafen Palma und vieles mehr.\" \/>\n<meta property=\"og:url\" content=\"https:\/\/www.hasso-rentacar.com\/de\/hasso-serviceleistungen\/\" \/>\n<meta property=\"og:site_name\" content=\"Hasso Rentacar\" \/>\n<meta property=\"article:modified_time\" content=\"2024-07-05T15:12:45+00:00\" \/>\n<meta property=\"og:image\" content=\"https:\/\/www.hasso-rentacar.com\/app\/uploads\/2020\/04\/Grupo-286.svg\" \/>\n<meta name=\"twitter:card\" content=\"summary_large_image\" \/>\n<meta name=\"twitter:label1\" content=\"Est. reading time\" \/>\n\t<meta name=\"twitter:data1\" content=\"9 minutes\" \/>\n<script type=\"application\/ld+json\" class=\"yoast-schema-graph\">{\"@context\":\"https:\/\/schema.org\",\"@graph\":[{\"@type\":\"WebPage\",\"@id\":\"https:\/\/www.hasso-rentacar.com\/de\/hasso-serviceleistungen\/\",\"url\":\"https:\/\/www.hasso-rentacar.com\/de\/hasso-serviceleistungen\/\",\"name\":\"Unsere exklusiven Serviceleistungen | Hasso\",\"isPartOf\":{\"@id\":\"https:\/\/www.hasso-rentacar.com\/#website\"},\"datePublished\":\"2020-04-02T11:05:05+00:00\",\"dateModified\":\"2024-07-05T15:12:45+00:00\",\"description\":\"Entdecken Sie die Dienstleistungen unserer Mietwagen: Extras, Zweitfahrer, Zusatzversicherung, Shuttlebus-Service zum Flughafen Palma und vieles mehr.\",\"breadcrumb\":{\"@id\":\"https:\/\/www.hasso-rentacar.com\/de\/hasso-serviceleistungen\/#breadcrumb\"},\"inLanguage\":\"de-DE\",\"potentialAction\":[{\"@type\":\"ReadAction\",\"target\":[\"https:\/\/www.hasso-rentacar.com\/de\/hasso-serviceleistungen\/\"]}]},{\"@type\":\"BreadcrumbList\",\"@id\":\"https:\/\/www.hasso-rentacar.com\/de\/hasso-serviceleistungen\/#breadcrumb\",\"itemListElement\":[{\"@type\":\"ListItem\",\"position\":1,\"name\":\"Home\",\"item\":\"https:\/\/www.hasso-rentacar.com\/de\/\"},{\"@type\":\"ListItem\",\"position\":2,\"name\":\"HASSO Serviceleistungen\"}]},{\"@type\":\"WebSite\",\"@id\":\"https:\/\/www.hasso-rentacar.com\/#website\",\"url\":\"https:\/\/www.hasso-rentacar.com\/\",\"name\":\"Hasso Rentacar\",\"description\":\"\",\"potentialAction\":[{\"@type\":\"SearchAction\",\"target\":{\"@type\":\"EntryPoint\",\"urlTemplate\":\"https:\/\/www.hasso-rentacar.com\/?s={search_term_string}\"},\"query-input\":\"required name=search_term_string\"}],\"inLanguage\":\"de-DE\"}]}<\/script>\n<!-- \/ Yoast SEO plugin. -->","yoast_head_json":{"title":"Unsere exklusiven Serviceleistungen | Hasso","description":"Entdecken Sie die Dienstleistungen unserer Mietwagen: Extras, Zweitfahrer, Zusatzversicherung, Shuttlebus-Service zum Flughafen Palma und vieles mehr.","robots":{"index":"index","follow":"follow","max-snippet":"max-snippet:-1","max-image-preview":"max-image-preview:large","max-video-preview":"max-video-preview:-1"},"canonical":"https:\/\/www.hasso-rentacar.com\/de\/hasso-serviceleistungen\/","og_locale":"de_DE","og_type":"article","og_title":"Unsere exklusiven Serviceleistungen | Hasso","og_description":"Entdecken Sie die Dienstleistungen unserer Mietwagen: Extras, Zweitfahrer, Zusatzversicherung, Shuttlebus-Service zum Flughafen Palma und vieles mehr.","og_url":"https:\/\/www.hasso-rentacar.com\/de\/hasso-serviceleistungen\/","og_site_name":"Hasso Rentacar","article_modified_time":"2024-07-05T15:12:45+00:00","og_image":[{"url":"https:\/\/www.hasso-rentacar.com\/app\/uploads\/2020\/04\/Grupo-286.svg"}],"twitter_card":"summary_large_image","twitter_misc":{"Est. reading time":"9 minutes"},"schema":{"@context":"https:\/\/schema.org","@graph":[{"@type":"WebPage","@id":"https:\/\/www.hasso-rentacar.com\/de\/hasso-serviceleistungen\/","url":"https:\/\/www.hasso-rentacar.com\/de\/hasso-serviceleistungen\/","name":"Unsere exklusiven Serviceleistungen | Hasso","isPartOf":{"@id":"https:\/\/www.hasso-rentacar.com\/#website"},"datePublished":"2020-04-02T11:05:05+00:00","dateModified":"2024-07-05T15:12:45+00:00","description":"Entdecken Sie die Dienstleistungen unserer Mietwagen: Extras, Zweitfahrer, Zusatzversicherung, Shuttlebus-Service zum Flughafen Palma und vieles mehr.","breadcrumb":{"@id":"https:\/\/www.hasso-rentacar.com\/de\/hasso-serviceleistungen\/#breadcrumb"},"inLanguage":"de-DE","potentialAction":[{"@type":"ReadAction","target":["https:\/\/www.hasso-rentacar.com\/de\/hasso-serviceleistungen\/"]}]},{"@type":"BreadcrumbList","@id":"https:\/\/www.hasso-rentacar.com\/de\/hasso-serviceleistungen\/#breadcrumb","itemListElement":[{"@type":"ListItem","position":1,"name":"Home","item":"https:\/\/www.hasso-rentacar.com\/de\/"},{"@type":"ListItem","position":2,"name":"HASSO Serviceleistungen"}]},{"@type":"WebSite","@id":"https:\/\/www.hasso-rentacar.com\/#website","url":"https:\/\/www.hasso-rentacar.com\/","name":"Hasso Rentacar","description":"","potentialAction":[{"@type":"SearchAction","target":{"@type":"EntryPoint","urlTemplate":"https:\/\/www.hasso-rentacar.com\/?s={search_term_string}"},"query-input":"required name=search_term_string"}],"inLanguage":"de-DE"}]}},"_links":{"self":[{"href":"https:\/\/www.hasso-rentacar.com\/de\/wp-json\/wp\/v2\/pages\/499"}],"collection":[{"href":"https:\/\/www.hasso-rentacar.com\/de\/wp-json\/wp\/v2\/pages"}],"about":[{"href":"https:\/\/www.hasso-rentacar.com\/de\/wp-json\/wp\/v2\/types\/page"}],"author":[{"embeddable":true,"href":"https:\/\/www.hasso-rentacar.com\/de\/wp-json\/wp\/v2\/users\/9"}],"replies":[{"embeddable":true,"href":"https:\/\/www.hasso-rentacar.com\/de\/wp-json\/wp\/v2\/comments?post=499"}],"version-history":[{"count":27,"href":"https:\/\/www.hasso-rentacar.com\/de\/wp-json\/wp\/v2\/pages\/499\/revisions"}],"predecessor-version":[{"id":4159,"href":"https:\/\/www.hasso-rentacar.com\/de\/wp-json\/wp\/v2\/pages\/499\/revisions\/4159"}],"wp:attachment":[{"href":"https:\/\/www.hasso-rentacar.com\/de\/wp-json\/wp\/v2\/media?parent=499"}],"curies":[{"name":"wp","href":"https:\/\/api.w.org\/{rel}","templated":true}]}}