{"id":624,"date":"2020-04-02T11:06:21","date_gmt":"2020-04-02T11:06:21","guid":{"rendered":"https:\/\/www.hasso-rentacar.com\/legal-notice\/"},"modified":"2024-02-19T14:39:36","modified_gmt":"2024-02-19T14:39:36","slug":"impressum","status":"publish","type":"page","link":"https:\/\/www.hasso-rentacar.com\/de\/impressum\/","title":{"rendered":"Impressum"},"content":{"rendered":"\n<h2 class=\"has-text-align-center is-style-container\"> ALLGEMEINE GEBRAUCHSBEDINGUNGEN DER WEBSITE WWW.HASSO-RENTACAR.COM<\/h2>\n\n\n\n<h3 class=\"is-style-container\"> Geistiges und gewerbliches Eigentum<\/h3>\n\n\n\n<p class=\"is-style-container\">Die Gesamtheit dieser Website (Texte, Gewerbemarken, Logos, Bilder und die Struktur, Auswahl, Anordnung und Pr\u00e4sentation der Inhalte) ist durch spanische und internationale Gesetze \u00fcber geistiges und gewerbliches Eigentum gesch\u00fctzt.<\/p>\n\n\n\n<p class=\"is-style-container\">Der Zugang zu dieser Website bedeutet in keiner Weise eine Erlaubnis zu ihrer Vervielf\u00e4ltigung und\/oder Verbreitung. Diese Aktivit\u00e4ten sind ohne eine schriftliche Genehmigung von HASSO Rent a Car Mallorca ausdr\u00fccklich verboten.<\/p>\n\n\n\n<h3 class=\"is-style-container\"> Verantwortung <\/h3>\n\n\n\n<p class=\"is-style-container\">Diese Website sammelt neben anderen Dienstleistungen eine Reihe von Links zu anderen Websites im Internet. Diese Links stellen keine Verbindung zwischen HASSO Rent a Car Mallorca und Personen oder Unternehmen dar, denen die genannten Links geh\u00f6ren. HASSO Rent a Car Mallorca ist nicht f\u00fcr die Inhalte der verlinkten Seiten verantwortlich und respektiert die geistigen Eigentumsrechte der Autoren. Jegliche Verbindung und jeglicher Waren- oder Dienstleistungskauf, der der Kunde mit dem Eigent\u00fcmer der verlinkten Website durchf\u00fchrt, betreffen ausschlie\u00dflich den Kunden und den besagten Eigent\u00fcmer.<\/p>\n\n\n\n<p class=\"is-style-container\">HASSO Rent a Car Mallorca ist in keiner Weise f\u00fcr Sch\u00e4den der Website verantwortlich, die durch illegalen oder unsachgem\u00e4\u00dfen Gebrauch oder durch zug\u00e4ngliche oder bereitgestellte Inhalte und Informationen durch den Nutzer verursacht werden.<\/p>\n\n\n\n<p class=\"is-style-container\">HASSO Rent a Car Mallorca garantiert nicht, dass die Website jederzeit funktioniert, da es m\u00f6glicherweise zu unvorhersehbaren St\u00f6rungen im Internet-Netzwerk, Ausf\u00e4llen von Serveranlagen, usw. kommen kann.<\/p>\n\n\n\n<h3 class=\"is-style-container\"> Zugang und Gebrauch der Website<\/h3>\n\n\n\n<p class=\"is-style-container\">Nutzer k\u00f6nnen auf diese Website frei zugreifen, die Nutzung erfolgt ausschlie\u00dflich auf pers\u00f6nlicher Ebene.<\/p>\n\n\n\n<p class=\"is-style-container\">Sowohl der Zugang auf diese Website, als auch die Verwendung der erhaltenen Informationen und Inhalte, liegt in der alleinigen Verantwortung des Nutzers. Die Zugangsbedingungen der Website unterliegen der geltenden Gesetzgebung und den Grunds\u00e4tzen des guten Glaubens an einen rechtm\u00e4\u00dfigen Gebrauch durch den Nutzer. Jede Handlung zum Nachteil von HASSO Rent a Car Mallorca oder Dritte ist generell verboten.<\/p>\n\n\n\n<p class=\"is-style-container\">Es ist strengstens untersagt, die Website f\u00fcr illegale oder nicht autorisierte Zwecke zu nutzen:<\/p>\n\n\n\n<p class=\"is-style-container\">Jegliche Art von Verletzung der Rechte Dritter (Recht auf Privatsph\u00e4re, auf das eigene Bild, auf das Kommunikationsgeheimnis, auf geistiges und gewerbliches Eigentum, auf pers\u00f6nlichen Datenschutz, usw.).<\/p>\n\n\n\n<p class=\"is-style-container\">Ver\u00f6ffentlichung, Verbreitung, Werbung von jeglichem obsz\u00f6nen, pornografischen, missbr\u00e4uchlichen, verleumderischen und illegalen Inhalt oder Informationen.<\/p>\n\n\n\n<p class=\"is-style-container\">\u00dcbertragung jeglicher Art von Computerviren, fehlerhafter Dateien usw., die Sch\u00e4den oder unbefugte \u00c4nderungen des \u00fcber die Website zug\u00e4nglichen Inhalts oder Systems verursachen k\u00f6nnen.<\/p>\n\n\n\n<p class=\"is-style-container\">HASSO Rent a Car Mallorca beh\u00e4lt sich das Recht vor, den Zugang zu seiner Website ohne vorherige Ank\u00fcndigung beliebig und vor\u00fcbergehend aus technischen oder anderen Gr\u00fcnden zu sperren.<\/p>\n\n\n\n<p class=\"is-style-container\">An die Betreiber der Webseiten, die mit der Website www.hasso-rentacar.com verlinkt sind (Links)<\/p>\n\n\n\n<p class=\"is-style-container\">Die Eigent\u00fcmer der mit dieser Website verlinkten Webseiten k\u00f6nnen den Wunsch \u00e4u\u00dfern, nicht Teil davon zu werden. Daf\u00fcr m\u00fcssen sie eine ausdr\u00fcckliche Anfrage stellen, indem sie eine Nachricht an info@hasso-rentacar.com senden.<\/p>\n\n\n\n<h3 class=\"is-style-container\">WEITERE BEDINGUNGEN<\/h3>\n\n\n\n<p class=\"is-style-container\">HASSO Rent a Car Mallorca beh\u00e4lt sich das Recht vor, den Inhalt und die Zugangsbedingungen der Website jederzeit vollst\u00e4ndig oder teilweise \u00e4ndern zu k\u00f6nnen.<\/p>\n\n\n\n<p class=\"is-style-container\">Die allgemeinen Gesch\u00e4ftsbedingungen und alle zwischen dem Nutzer und HASSO Rent a Car bestehenden Verbindungen unterliegen der spanischen Gesetzgebung. Somit sind die spanischen Gerichte f\u00fcr die L\u00f6sung aller Konflikte zust\u00e4ndig, die sich aus der Verwendung dieser Website ergeben oder damit zusammenh\u00e4ngen.<\/p>\n\n\n\n<p class=\"is-style-container\">Die Nutzung dieser Website beinhaltet die Zustimmung zu den vorher genannten Gesch\u00e4ftsbedingungen.<\/p>\n\n\n\n<p class=\"is-style-container\">HASSO Rent a Car Mallorca geh\u00f6rt zu:<\/p>\n\n\n\n<p class=\"is-style-container\">AUTOS D&#8217;OR RENT A CAR, S.L.U<br>Avda. Bienvenidos, n\u00ba64<br>Cala D\u00b4Or (Santanyi)<br>07660 Baleares Espa\u00f1a<br> N.I.F. n\u00ba B-07697022<\/p>\n","protected":false},"excerpt":{"rendered":"<p>ALLGEMEINE GEBRAUCHSBEDINGUNGEN DER WEBSITE WWW.HASSO-RENTACAR.COM Geistiges und gewerbliches Eigentum Die Gesamtheit dieser Website (Texte, Gewerbemarken, Logos, Bilder und die Struktur, Auswahl, Anordnung und Pr\u00e4sentation der Inhalte) ist durch spanische und internationale Gesetze \u00fcber geistiges und gewerbliches Eigentum gesch\u00fctzt. Der Zugang zu dieser Website bedeutet in keiner Weise eine Erlaubnis zu ihrer Vervielf\u00e4ltigung und\/oder Verbreitung. Diese &hellip; <a href=\"https:\/\/www.hasso-rentacar.com\/de\/impressum\/\">Fortgesetzt<\/a><\/p>\n","protected":false},"author":9,"featured_media":0,"parent":0,"menu_order":0,"comment_status":"closed","ping_status":"closed","template":"","meta":[],"yoast_head":"<!-- This site is optimized with the Yoast SEO plugin v20.1 - https:\/\/yoast.com\/wordpress\/plugins\/seo\/ -->\n<title>Rechtliche Hinweise | Hasso<\/title>\n<meta name=\"description\" content=\"Informieren Sie sich \u00fcber die Nutzungsbedingungen auf der HASSO-Website und kontrollieren und buchen Sie unsere Dienstleistungen.\" \/>\n<meta name=\"robots\" content=\"noindex, nofollow\" \/>\n<meta property=\"og:locale\" content=\"de_DE\" \/>\n<meta property=\"og:type\" content=\"article\" \/>\n<meta property=\"og:title\" content=\"Rechtliche Hinweise | Hasso\" \/>\n<meta property=\"og:description\" content=\"Informieren Sie sich \u00fcber die Nutzungsbedingungen auf der HASSO-Website und kontrollieren und buchen Sie unsere Dienstleistungen.\" \/>\n<meta property=\"og:url\" content=\"https:\/\/www.hasso-rentacar.com\/de\/impressum\/\" \/>\n<meta property=\"og:site_name\" content=\"Hasso Rentacar\" \/>\n<meta property=\"article:modified_time\" content=\"2024-02-19T14:39:36+00:00\" \/>\n<meta name=\"twitter:card\" content=\"summary_large_image\" \/>\n<meta name=\"twitter:label1\" content=\"Est. reading time\" \/>\n\t<meta name=\"twitter:data1\" content=\"3 minutes\" \/>\n<script type=\"application\/ld+json\" class=\"yoast-schema-graph\">{\"@context\":\"https:\/\/schema.org\",\"@graph\":[{\"@type\":\"WebPage\",\"@id\":\"https:\/\/www.hasso-rentacar.com\/de\/impressum\/\",\"url\":\"https:\/\/www.hasso-rentacar.com\/de\/impressum\/\",\"name\":\"Rechtliche Hinweise | Hasso\",\"isPartOf\":{\"@id\":\"https:\/\/www.hasso-rentacar.com\/#website\"},\"datePublished\":\"2020-04-02T11:06:21+00:00\",\"dateModified\":\"2024-02-19T14:39:36+00:00\",\"description\":\"Informieren Sie sich \u00fcber die Nutzungsbedingungen auf der HASSO-Website und kontrollieren und buchen Sie unsere Dienstleistungen.\",\"breadcrumb\":{\"@id\":\"https:\/\/www.hasso-rentacar.com\/de\/impressum\/#breadcrumb\"},\"inLanguage\":\"de-DE\",\"potentialAction\":[{\"@type\":\"ReadAction\",\"target\":[\"https:\/\/www.hasso-rentacar.com\/de\/impressum\/\"]}]},{\"@type\":\"BreadcrumbList\",\"@id\":\"https:\/\/www.hasso-rentacar.com\/de\/impressum\/#breadcrumb\",\"itemListElement\":[{\"@type\":\"ListItem\",\"position\":1,\"name\":\"Home\",\"item\":\"https:\/\/www.hasso-rentacar.com\/de\/\"},{\"@type\":\"ListItem\",\"position\":2,\"name\":\"Impressum\"}]},{\"@type\":\"WebSite\",\"@id\":\"https:\/\/www.hasso-rentacar.com\/#website\",\"url\":\"https:\/\/www.hasso-rentacar.com\/\",\"name\":\"Hasso Rentacar\",\"description\":\"\",\"potentialAction\":[{\"@type\":\"SearchAction\",\"target\":{\"@type\":\"EntryPoint\",\"urlTemplate\":\"https:\/\/www.hasso-rentacar.com\/?s={search_term_string}\"},\"query-input\":\"required name=search_term_string\"}],\"inLanguage\":\"de-DE\"}]}<\/script>\n<!-- \/ Yoast SEO plugin. -->","yoast_head_json":{"title":"Rechtliche Hinweise | Hasso","description":"Informieren Sie sich \u00fcber die Nutzungsbedingungen auf der HASSO-Website und kontrollieren und buchen Sie unsere Dienstleistungen.","robots":{"index":"noindex","follow":"nofollow"},"og_locale":"de_DE","og_type":"article","og_title":"Rechtliche Hinweise | Hasso","og_description":"Informieren Sie sich \u00fcber die Nutzungsbedingungen auf der HASSO-Website und kontrollieren und buchen Sie unsere Dienstleistungen.","og_url":"https:\/\/www.hasso-rentacar.com\/de\/impressum\/","og_site_name":"Hasso Rentacar","article_modified_time":"2024-02-19T14:39:36+00:00","twitter_card":"summary_large_image","twitter_misc":{"Est. reading time":"3 minutes"},"schema":{"@context":"https:\/\/schema.org","@graph":[{"@type":"WebPage","@id":"https:\/\/www.hasso-rentacar.com\/de\/impressum\/","url":"https:\/\/www.hasso-rentacar.com\/de\/impressum\/","name":"Rechtliche Hinweise | Hasso","isPartOf":{"@id":"https:\/\/www.hasso-rentacar.com\/#website"},"datePublished":"2020-04-02T11:06:21+00:00","dateModified":"2024-02-19T14:39:36+00:00","description":"Informieren Sie sich \u00fcber die Nutzungsbedingungen auf der HASSO-Website und kontrollieren und buchen Sie unsere Dienstleistungen.","breadcrumb":{"@id":"https:\/\/www.hasso-rentacar.com\/de\/impressum\/#breadcrumb"},"inLanguage":"de-DE","potentialAction":[{"@type":"ReadAction","target":["https:\/\/www.hasso-rentacar.com\/de\/impressum\/"]}]},{"@type":"BreadcrumbList","@id":"https:\/\/www.hasso-rentacar.com\/de\/impressum\/#breadcrumb","itemListElement":[{"@type":"ListItem","position":1,"name":"Home","item":"https:\/\/www.hasso-rentacar.com\/de\/"},{"@type":"ListItem","position":2,"name":"Impressum"}]},{"@type":"WebSite","@id":"https:\/\/www.hasso-rentacar.com\/#website","url":"https:\/\/www.hasso-rentacar.com\/","name":"Hasso Rentacar","description":"","potentialAction":[{"@type":"SearchAction","target":{"@type":"EntryPoint","urlTemplate":"https:\/\/www.hasso-rentacar.com\/?s={search_term_string}"},"query-input":"required name=search_term_string"}],"inLanguage":"de-DE"}]}},"_links":{"self":[{"href":"https:\/\/www.hasso-rentacar.com\/de\/wp-json\/wp\/v2\/pages\/624"}],"collection":[{"href":"https:\/\/www.hasso-rentacar.com\/de\/wp-json\/wp\/v2\/pages"}],"about":[{"href":"https:\/\/www.hasso-rentacar.com\/de\/wp-json\/wp\/v2\/types\/page"}],"author":[{"embeddable":true,"href":"https:\/\/www.hasso-rentacar.com\/de\/wp-json\/wp\/v2\/users\/9"}],"replies":[{"embeddable":true,"href":"https:\/\/www.hasso-rentacar.com\/de\/wp-json\/wp\/v2\/comments?post=624"}],"version-history":[{"count":2,"href":"https:\/\/www.hasso-rentacar.com\/de\/wp-json\/wp\/v2\/pages\/624\/revisions"}],"predecessor-version":[{"id":3576,"href":"https:\/\/www.hasso-rentacar.com\/de\/wp-json\/wp\/v2\/pages\/624\/revisions\/3576"}],"wp:attachment":[{"href":"https:\/\/www.hasso-rentacar.com\/de\/wp-json\/wp\/v2\/media?parent=624"}],"curies":[{"name":"wp","href":"https:\/\/api.w.org\/{rel}","templated":true}]}}