{"id":884,"date":"2020-05-13T17:50:47","date_gmt":"2020-05-13T17:50:47","guid":{"rendered":"https:\/\/www.hasso-rentacar.com\/tarifas\/"},"modified":"2024-02-19T14:02:09","modified_gmt":"2024-02-19T14:02:09","slug":"rates","status":"publish","type":"page","link":"https:\/\/www.hasso-rentacar.com\/en\/rates\/","title":{"rendered":"Tarifas"},"content":{"rendered":"<form class=\"blocks__booking-form__item\"  action=\"https:\/\/booking.hasso-rentacar.com\/en\/rentacar\/listmodels\/\" method=\"GET\">\n  <div class=\"blocks__booking-form__item__container\">\n    <div class=\"blocks__booking-form__item__field blocks__booking-form__item__field--location\">\n      <span> Location <\/span>\n      <select class=\"location\">\n        <option value=\"Mallorca\">Mallorca Airport<\/option> \n      <\/select>\n    <\/div>\n    <div class=\"blocks__booking-form__item__field blocks__booking-form__item__field--datepicker\">\n      <span> Pick-up <\/span>\n      <img decoding=\"async\" src=\"https:\/\/www.hasso-rentacar.com\/app\/themes\/hasso-sage\/dist\/images\/calendar-icon_35feb9e3.png\"\/>\n      <input\n        class=\"date_start\"\n        type=\"text\"\n        name=\"recogida_fecha\"\n        autocomplete=\"off\"\n        placeholder=\"Fecha\"\n\tonkeydown=\"event.preventDefault()\"\n      required \/>\n      <input\n        class=\"date_start_hour readonly\"\n        type=\"text\"\n        name=\"recogida_hora\"        \n\tautocomplete=\"off\"\n\tplaceholder=\"Hour\"\n\tonkeydown=\"event.preventDefault()\"\n\trequired\n\t\/>\n    <\/div>\n    <div class=\"blocks__booking-form__item__field blocks__booking-form__item__field--datepicker\">\n      <span>Return<\/span>\n      <img decoding=\"async\" src=\"https:\/\/www.hasso-rentacar.com\/app\/themes\/hasso-sage\/dist\/images\/calendar-icon_35feb9e3.png\"\/>\n      <input\n        class=\"date_end\"\n        type=\"text\"\n        name=\"devolucion_fecha\"\n        autocomplete=\"off\"\n        placeholder=\"Fecha\"\n     \tonkeydown=\"event.preventDefault()\"\n\trequired \/>\n      <input\n        class=\"date_end_hour readonly\"\n        type=\"text\"\n        name=\"devolucion_hora\"\n\trequired\n\tautocomplete=\"off\"\n        onkeydown=\"event.preventDefault()\"\n\tplaceholder=\"Hour\"\n       \/>\n    <\/div>\n    <div class=\"blocks__booking-form__item__field blocks__booking-form__item__field--promocode\">\n\n      <div class=\"blocks__booking-form__item__field__checkbox blocks__booking-form__item__field__checkbox--slim\">\n        <label>\n            <input type=\"checkbox\" required\/>\n            <span class=\"custom-checkbox\"><\/span>\n            Driver age +21\n        <\/label>\n      <\/div>\n    \n      <img decoding=\"async\" src=\"https:\/\/www.hasso-rentacar.com\/app\/themes\/hasso-sage\/dist\/images\/promo-icon_0e9d8368.png\"\/>\n      <input\n        type=\"text\"\n        name=\"promoCode\"\n        placeholder=\"Promocode\"\n      \/>\n    <\/div>\n    <input class=\"input--with-text\" type=\"submit\" value=\"Book\"\/>\n    <input class=\"input--with-icon\" type=\"submit\" value=\"\"\/>\n\n    <div class=\"blocks__booking-form__item__field__checkbox blocks__booking-form__item__field__checkbox--no-slim\">\n      <label>\n          <input type=\"checkbox\" required\/>\n          <span class=\"custom-checkbox\"><\/span>\n              I am at least 21 years old &amp; I have had a valid driving liscense for at least 1 year\n      <\/label>\n    <\/div>\n  <\/div>\n<\/form>\n\n\n\n<div style=\"height:20px\" aria-hidden=\"true\" class=\"wp-block-spacer\"><\/div>\n\n\n\n<h1 class=\"has-text-align-center has-large-font-size\">Budget Car Rental in Mallorca<\/h1>\n\n\n\n<h2 class=\"has-text-align-center has-medium-font-size\">\u2014 HASSO Rent a Car \u2014<\/h2>\n\n\n\n<div style=\"height:33px\" aria-hidden=\"true\" class=\"wp-block-spacer\"><\/div>\n\n\n\n<h2 class=\"has-text-align-left\" style=\"font-size:27px\">Low cost car hire at Palma airport<\/h2>\n\n\n\n<p class=\"has-text-align-left\" style=\"font-size:18px\">HASSO Rent-a-Car is a <strong>budget car hire company<\/strong> <strong>based in Mallorca<\/strong>. We specialise in providing vehicles to those who are travelling to the island and need to book a rental car at Mallorca Airport at a very affordable price. In fact, we have been in business for over 60 years and thanks to our experience, we have become one of the leading providers of <strong>low cost car hire in Mallorca<\/strong>.<br>Our fleet of vehicles has everything you need to enjoy your holiday to the fullest. However, we offer our customers a wide variety of extras to suit the needs of each particular client, such as additional driver, baby seats or full insurance. In addition, we put at our customers\u2019 disposal two different types of rates, as well as special discounts for those bookings with a rental period of more than one week. What are you waiting for? Check our rates and book your <strong>car hire at Palma de Mallorca Airport<\/strong> at the best price!<\/p>\n\n\n\n<h3 class=\"has-text-align-center has-white-color has-blue-700-background-color has-text-color has-background\" style=\"font-size:27px\">Rates of our Budget Car Hire in Mallorca<\/h3>\n\n\n\n<div class=\"wp-block-hasso-hero blocks__hero pb-0\" style=\"background-image:url(https:\/\/www.hasso-rentacar.com\/app\/uploads\/2020\/05\/FONDO-TARIFA-BASICA_1920x1006-min.png)\" bb=\"background\" bb-id=\"755\" bb-url=\"https:\/\/www.hasso-rentacar.com\/app\/uploads\/2020\/05\/FONDO-TARIFA-BASICA_1920x1006-min.png\"><div class=\"blocks__hero__content\">\n<div class=\"is-layout-flex wp-container-4 wp-block-columns pb-0 mb-0\">\n<div class=\"is-layout-flow wp-block-column\">\n<figure class=\"wp-block-image size-large pb-0 mb-0\"><img decoding=\"async\" loading=\"lazy\" width=\"698\" height=\"1006\" src=\"https:\/\/www.hasso-rentacar.com\/app\/uploads\/2022\/07\/CHICA_TARIFA_BRAVE.png\" alt=\"\" class=\"wp-image-1767\" srcset=\"https:\/\/www.hasso-rentacar.com\/app\/uploads\/2022\/07\/CHICA_TARIFA_BRAVE.png 698w, https:\/\/www.hasso-rentacar.com\/app\/uploads\/2022\/07\/CHICA_TARIFA_BRAVE-300x432.png 300w, https:\/\/www.hasso-rentacar.com\/app\/uploads\/2022\/07\/CHICA_TARIFA_BRAVE-600x865.png 600w, https:\/\/www.hasso-rentacar.com\/app\/uploads\/2022\/07\/CHICA_TARIFA_BRAVE-208x300.png 208w\" sizes=\"(max-width: 698px) 100vw, 698px\" \/><\/figure>\n<\/div>\n\n\n\n<div class=\"is-layout-flow wp-block-column mb-md\">\n<div class=\"wp-block-hasso-tariffs blocks__tariffs\"><h2 class=\"blocks__tariffs__title\"><span bb=\"title_pre\" class=\"blocks__tariffs__title_pre\">RATE<\/span><span bb=\"title_name\" class=\"blocks__tariffs__title_name\">BRAVE<\/span><\/h2><div class=\"blocks__tariffs__content\">\n<p class=\"\">Full\/full fuel policy<\/p>\n\n\n\n<p class=\"\">Unlimited mileage<\/p>\n\n\n\n<p class=\"\"><strong><span class=\"has-inline-color has-blue-color\">Shuttle Service<\/span><\/strong><\/p>\n\n\n\n<p class=\"\"><mark style=\"background-color:rgba(0, 0, 0, 0)\" class=\"has-inline-color has-orange-color\">Basic insurance<\/mark><\/p>\n\n\n\n<p class=\"\"><strong><mark style=\"background-color:rgba(0, 0, 0, 0)\" class=\"has-inline-color has-orange-color\">Non renfundable<\/mark><\/strong><\/p>\n\n\n\n<div class=\"is-layout-flex wp-block-buttons\"><\/div>\n<\/div><\/div>\n<\/div>\n<\/div>\n<\/div><\/div>\n\n\n\n<div class=\"wp-block-hasso-hero blocks__hero pb-0 is-style-content-bottom\" style=\"background-image:url(https:\/\/www.hasso-rentacar.com\/app\/uploads\/2020\/05\/FONDO-TARIFA-TODO-INCLUIDO_1920x1006-min.png)\" bb=\"background\" bb-id=\"758\" bb-url=\"https:\/\/www.hasso-rentacar.com\/app\/uploads\/2020\/05\/FONDO-TARIFA-TODO-INCLUIDO_1920x1006-min.png\"><div class=\"blocks__hero__content\">\n<div class=\"is-layout-flex wp-container-7 wp-block-columns pb-0 mb-0\">\n<div class=\"is-layout-flow wp-block-column mb-md\">\n<div class=\"wp-block-hasso-tariffs blocks__tariffs\"><h2 class=\"blocks__tariffs__title\"><span bb=\"title_pre\" class=\"blocks__tariffs__title_pre\">RATE<\/span><span bb=\"title_name\" class=\"blocks__tariffs__title_name\">COOL<\/span><\/h2><div class=\"blocks__tariffs__content\">\n<p class=\"\">Full\/full fuel policy<\/p>\n\n\n\n<p class=\"\">Unlimited mileage<\/p>\n\n\n\n<p class=\"\"><strong><span class=\"has-inline-color has-blue-color\">Shuttle Service<\/span><\/strong><\/p>\n\n\n\n<p class=\"\"><mark style=\"background-color:rgba(0, 0, 0, 0)\" class=\"has-inline-color has-orange-color\">Complete insurance<\/mark><\/p>\n\n\n\n<p class=\"\"><mark style=\"background-color:rgba(0, 0, 0, 0)\" class=\"has-inline-color has-orange-color\">Free cancellation<\/mark><\/p>\n<\/div><\/div>\n<\/div>\n\n\n\n<div class=\"is-layout-flow wp-block-column\">\n<figure class=\"wp-block-image size-large pb-0 mb-0\"><img decoding=\"async\" loading=\"lazy\" width=\"698\" height=\"1006\" src=\"https:\/\/www.hasso-rentacar.com\/app\/uploads\/2020\/05\/Chico-TARIFA-TODO-INCLUIDO-min.png\" alt=\"\" class=\"wp-image-752\" srcset=\"https:\/\/www.hasso-rentacar.com\/app\/uploads\/2020\/05\/Chico-TARIFA-TODO-INCLUIDO-min.png 698w, https:\/\/www.hasso-rentacar.com\/app\/uploads\/2020\/05\/Chico-TARIFA-TODO-INCLUIDO-min-300x432.png 300w, https:\/\/www.hasso-rentacar.com\/app\/uploads\/2020\/05\/Chico-TARIFA-TODO-INCLUIDO-min-600x865.png 600w, https:\/\/www.hasso-rentacar.com\/app\/uploads\/2020\/05\/Chico-TARIFA-TODO-INCLUIDO-min-208x300.png 208w\" sizes=\"(max-width: 698px) 100vw, 698px\" \/><\/figure>\n<\/div>\n<\/div>\n<\/div><\/div>\n\n\n\n<div style=\"height:35px\" aria-hidden=\"true\" class=\"wp-block-spacer\"><\/div>\n\n\n\n<div class=\"is-layout-flex wp-container-15 wp-block-columns\">\n<div class=\"is-layout-flow wp-block-column\">\n<h2 class=\"has-text-align-left\" style=\"font-size:27px\">Discover our extras<\/h2>\n\n\n\n<p class=\"has-text-align-left\" style=\"font-size:18px\">Our <strong>car rental in Palma de Mallorca<\/strong> has earned an excellent reputation as one of the <strong>cheapest car rentals in Mallorca<\/strong>. Since 1961, we have been striving to offer you with the best possible quality of service and the most competitive prices on the market. We invite you to discover everything we have to offer: competitive prices in the car rental market, Palma airport pick-up, exclusive discounts and much more! Our goal is to offer you the best service at the best price, so you can enjoy your holiday to the fullest without worrying.&nbsp;<\/p>\n\n\n\n<div class=\"is-layout-flex wp-container-12 wp-block-columns\">\n<div class=\"is-layout-flow wp-block-column\">\n<figure class=\"wp-block-image size-full\"><img decoding=\"async\" loading=\"lazy\" width=\"420\" height=\"300\" src=\"https:\/\/www.hasso-rentacar.com\/app\/uploads\/2020\/04\/Extra_GPS_420x300.png\" alt=\"\" class=\"wp-image-1292\" srcset=\"https:\/\/www.hasso-rentacar.com\/app\/uploads\/2020\/04\/Extra_GPS_420x300.png 420w, https:\/\/www.hasso-rentacar.com\/app\/uploads\/2020\/04\/Extra_GPS_420x300-300x214.png 300w\" sizes=\"(max-width: 420px) 100vw, 420px\" \/><\/figure>\n\n\n\n<h3 class=\"has-text-align-center\" style=\"font-size:25px\">GPS<\/h3>\n\n\n\n<p class=\"has-text-align-center\" style=\"font-size:18px\">Take your car to the most beautiful places in Mallorca without getting lost along the way.<\/p>\n<\/div>\n\n\n\n<div class=\"is-layout-flow wp-block-column\">\n<figure class=\"wp-block-image size-full\"><img decoding=\"async\" loading=\"lazy\" width=\"420\" height=\"300\" src=\"https:\/\/www.hasso-rentacar.com\/app\/uploads\/2020\/04\/Extra_silla_bebe_420x300.png\" alt=\"\" class=\"wp-image-1290\" srcset=\"https:\/\/www.hasso-rentacar.com\/app\/uploads\/2020\/04\/Extra_silla_bebe_420x300.png 420w, https:\/\/www.hasso-rentacar.com\/app\/uploads\/2020\/04\/Extra_silla_bebe_420x300-300x214.png 300w\" sizes=\"(max-width: 420px) 100vw, 420px\" \/><\/figure>\n\n\n\n<h3 class=\"has-text-align-center\" style=\"font-size:25px\">Baby Seat<\/h3>\n\n\n\n<p class=\"has-text-align-center\" style=\"font-size:18px\">Your <strong>low cost car hire in Mallorca<\/strong> makes it easy for the whole family to travel in comfort &#8211; even the little ones!<\/p>\n<\/div>\n\n\n\n<div class=\"is-layout-flow wp-block-column\">\n<figure class=\"wp-block-image size-full\"><img decoding=\"async\" loading=\"lazy\" width=\"420\" height=\"300\" src=\"https:\/\/www.hasso-rentacar.com\/app\/uploads\/2020\/04\/Extra_Asistance_420x300.png\" alt=\"\" class=\"wp-image-1291\" srcset=\"https:\/\/www.hasso-rentacar.com\/app\/uploads\/2020\/04\/Extra_Asistance_420x300.png 420w, https:\/\/www.hasso-rentacar.com\/app\/uploads\/2020\/04\/Extra_Asistance_420x300-300x214.png 300w\" sizes=\"(max-width: 420px) 100vw, 420px\" \/><\/figure>\n\n\n\n<h3 class=\"has-text-align-center\" style=\"font-size:25px\">24H Assistance<\/h3>\n\n\n\n<p class=\"has-text-align-center\" style=\"font-size:18px\">At HASSO, we are at your disposal 24 hours a day, guaranteeing an unbeatable rental experience.<\/p>\n<\/div>\n\n\n\n<div class=\"is-layout-flow wp-block-column\">\n<figure class=\"wp-block-image size-full\"><img decoding=\"async\" loading=\"lazy\" width=\"420\" height=\"300\" src=\"https:\/\/www.hasso-rentacar.com\/app\/uploads\/2023\/02\/Proyecto-nuevoxtra-seg-conductor.jpg\" alt=\"\" class=\"wp-image-2629\" srcset=\"https:\/\/www.hasso-rentacar.com\/app\/uploads\/2023\/02\/Proyecto-nuevoxtra-seg-conductor.jpg 420w, https:\/\/www.hasso-rentacar.com\/app\/uploads\/2023\/02\/Proyecto-nuevoxtra-seg-conductor-300x214.jpg 300w\" sizes=\"(max-width: 420px) 100vw, 420px\" \/><\/figure>\n\n\n\n<h3 class=\"has-text-align-center\" style=\"font-size:25px\">Additional Driver<\/h3>\n\n\n\n<p class=\"has-text-align-center\" style=\"font-size:18px\">If you are not travelling alone and would like to share the driving of your hire car, add an additional driver to your booking so that you are covered for any eventuality.<\/p>\n<\/div>\n<\/div>\n\n\n\n<div class=\"is-content-justification-center is-layout-flex wp-container-13 wp-block-buttons\">\n<div class=\"wp-block-button has-custom-width wp-block-button__width-50\"><a class=\"wp-block-button__link has-blue-700-background-color has-background wp-element-button\" href=\"https:\/\/www.hasso-rentacar.com\/en\/hasso-services\/\" style=\"border-radius:10px\">MORE INFO<\/a><\/div>\n<\/div>\n<\/div>\n<\/div>\n\n\n\n<div style=\"height:14px\" aria-hidden=\"true\" class=\"wp-block-spacer\"><\/div>\n\n\n\n<div style=\"height:39px\" aria-hidden=\"true\" class=\"wp-block-spacer\"><\/div>\n\n\n\n<hr class=\"wp-block-separator has-text-color has-blue-color has-alpha-channel-opacity has-blue-background-color has-background is-style-wide\"\/>\n\n\n\n<div style=\"height:21px\" aria-hidden=\"true\" class=\"wp-block-spacer\"><\/div>\n\n\n\n<h2 class=\"has-text-align-center\" style=\"font-size:27px\">Rent a budget car with free cancellation<\/h2>\n\n\n\n<p class=\"has-text-align-center\" style=\"font-size:18px\">Book online your rental car and enjoy your holidays in Mallorca with peace of mind. And, in addition to having <strong>cheap rates with no hidden costs<\/strong>, with HASSO Rent-a-Car you can enjoy <strong>free cancellation on your booking up to 48 hours<\/strong> before the pick-up if you choose the Cool rate. Check our fleet and book the car you like the most with the assurance that, if your plans change, we will adapt to you.<\/p>\n\n\n\n<div class=\"is-content-justification-center is-layout-flex wp-container-16 wp-block-buttons\">\n<div class=\"wp-block-button\"><a class=\"wp-block-button__link has-blue-background-color has-background wp-element-button\" href=\"https:\/\/www.hasso-rentacar.com\/en\/\" style=\"border-radius:10px\">BOOK NOW<\/a><\/div>\n<\/div>\n\n\n\n<div style=\"height:20px\" aria-hidden=\"true\" class=\"wp-block-spacer\"><\/div>\n\n\n\n<hr class=\"wp-block-separator has-text-color has-blue-color has-alpha-channel-opacity has-blue-background-color has-background is-style-wide\"\/>\n\n\n\n<div style=\"height:30px\" aria-hidden=\"true\" class=\"wp-block-spacer\"><\/div>\n\n\n\n<h2 class=\"has-text-align-left\" style=\"font-size:27px\">Car hire in Mallorca without excess<\/h2>\n\n\n\n<p class=\"has-text-align-left\" style=\"font-size:18px\">At HASSO you will find the best <strong>prices for car hire in Mallorca.<\/strong> We are a low-cost car hire company in Mallorca and we offer you a basic rate with excess and an all-inclusive rate that includes:<br>&#8211; Unlimited mileage<br>&#8211; Total Protection Coverage<br>&#8211; Full\/full fuel policy (the car is collected with a full tank and returned in the same condition)<br>&#8211; Free cancellation<br>&#8211; VAT included<br>&#8211; Shuttle bus Service<br><br>If you make use of our free shuttle service, you can arrive at our offices, conveniently located less than 10 minutes from Mallorca airport, and pick up and return the car there at no extra cost. Without a doubt, we offer you one of the best <strong>low cost car hire services at Mallorca airport<\/strong>.<br>You can also choose to take out a Basic insurance with no excess and optional wheel and glass insurance, as well as extras such as baby seats, boosters and GPS. Renting a car in Mallorca has never been so easy!<\/p>\n\n\n\n<h2 class=\"has-text-align-left\" style=\"font-size:27px\">Book the perfect car for your holidays<\/h2>\n\n\n\n<p class=\"has-text-align-left\" style=\"font-size:18px\">Planning a trip requires being aware of many details and even more so if the destination is an island as fantastic as Mallorca. An incredible place that not only invites you to sun and beach or to party, it is also an ideal place to explore and discover the most beautiful coves and corners of the island such as Cal\u00f3 Des Moro, Pollen\u00e7a, the Drach Caves, Es Trenc beach, S\u00f3ller or Alc\u00fadia, among others. But how to get around Mallorca? One of the easiest ways is to <strong>rent a cheap car in Mallorca<\/strong>, as it allows you to enjoy the freedom of moving around the island without timetables and at your own pace. Nowadays there are many companies that offer <strong>low-cost car hire in Mallorca,<\/strong> but it is important to find out which ones offer the best rates and conditions when renting a car in Mallorca.<\/p>\n\n\n\n<h2 class=\"has-text-align-left\" style=\"font-size:27px\">Economy car hire in Palma<\/h2>\n\n\n\n<p class=\"has-text-align-left\" style=\"font-size:18px\"><strong>Hiring a cheap car in Palma<\/strong> is really easy and only requires an original passport or DNI (also for additional drivers), as well as the original driving licence and a credit card. The person making the rental has to be 21 years of age or older and have held a driving licence for at least one year.&nbsp;<br>We accept the following payment methods:<br>&#8211; VISA or MasterCard credit card (except prepaid cards).<br>&#8211; Debit card provided, you&nbsp; must take out the All Inclusive insurance and the &#8216;bodyguard&#8217; package (\u20ac10 per day).<br><br>Payment can be made at the time the vehicle is collected if the Cool rate is contracted, so it is always important to choose companies that offer this option. In addition, it is also interesting to opt for companies that include in their rates the possibility of <strong>renting a budget car at Mallorca Airport<\/strong> with convenient services such as the Shuttle bus or free shuttle bus that goes from the rental offices to or from the airport.<br>This way, we can enjoy the service from the moment we arrive on the island until we leave without extra costs. It should be borne in mind that the rental days are always counted from the moment the rental contract is formalised.&nbsp;<br><br>It is also important to consider all the extras that we may really need and the advantages of contracting the rate and insurance that best suits our needs. Paying an excessively cheap rate does not always mean savings. Unforeseen events, lack of foresight in not taking out insurance, negligent use of the vehicle or delays in the delivery of the vehicle can make the basic rate much more expensive, saving a lot and making it really advantageous and economical to foresee unforeseen events and decide on more complete rates.<\/p>\n\n\n\n<div style=\"height:14px\" aria-hidden=\"true\" class=\"wp-block-spacer\"><\/div>\n","protected":false},"excerpt":{"rendered":"<p>Budget Car Rental in Mallorca \u2014 HASSO Rent a Car \u2014 Low cost car hire at Palma airport HASSO Rent-a-Car is a budget car hire company based in Mallorca. We specialise in providing vehicles to those who are travelling to the island and need to book a rental car at Mallorca Airport at a very &hellip; <a href=\"https:\/\/www.hasso-rentacar.com\/en\/rates\/\">Continued<\/a><\/p>\n","protected":false},"author":9,"featured_media":0,"parent":0,"menu_order":0,"comment_status":"closed","ping_status":"closed","template":"","meta":[],"yoast_head":"<!-- This site is optimized with the Yoast SEO plugin v20.1 - https:\/\/yoast.com\/wordpress\/plugins\/seo\/ -->\n<title>Budget Car Hire in Mallorca | Hasso Rent-a-Car<\/title>\n<meta name=\"description\" content=\"Rent a Car in Palma de Mallorca at the best price | Budget Car Hire in Palma de Mallorca | #1 Low Cost Car Rental at Mallorca Airport.\" \/>\n<meta name=\"robots\" content=\"index, follow, max-snippet:-1, max-image-preview:large, max-video-preview:-1\" \/>\n<link rel=\"canonical\" href=\"https:\/\/www.hasso-rentacar.com\/en\/rates\/\" \/>\n<meta property=\"og:locale\" content=\"en_US\" \/>\n<meta property=\"og:type\" content=\"article\" \/>\n<meta property=\"og:title\" content=\"Budget Car Hire in Mallorca | Hasso Rent-a-Car\" \/>\n<meta property=\"og:description\" content=\"Rent a Car in Palma de Mallorca at the best price | Budget Car Hire in Palma de Mallorca | #1 Low Cost Car Rental at Mallorca Airport.\" \/>\n<meta property=\"og:url\" content=\"https:\/\/www.hasso-rentacar.com\/en\/rates\/\" \/>\n<meta property=\"og:site_name\" content=\"Hasso Rentacar\" \/>\n<meta property=\"article:modified_time\" content=\"2024-02-19T14:02:09+00:00\" \/>\n<meta property=\"og:image\" content=\"https:\/\/www.hasso-rentacar.com\/app\/uploads\/2022\/07\/CHICA_TARIFA_BRAVE.png\" \/>\n<meta name=\"twitter:card\" content=\"summary_large_image\" \/>\n<meta name=\"twitter:label1\" content=\"Est. reading time\" \/>\n\t<meta name=\"twitter:data1\" content=\"5 minutes\" \/>\n<script type=\"application\/ld+json\" class=\"yoast-schema-graph\">{\"@context\":\"https:\/\/schema.org\",\"@graph\":[{\"@type\":\"WebPage\",\"@id\":\"https:\/\/www.hasso-rentacar.com\/en\/rates\/\",\"url\":\"https:\/\/www.hasso-rentacar.com\/en\/rates\/\",\"name\":\"Budget Car Hire in Mallorca | Hasso Rent-a-Car\",\"isPartOf\":{\"@id\":\"https:\/\/www.hasso-rentacar.com\/#website\"},\"datePublished\":\"2020-05-13T17:50:47+00:00\",\"dateModified\":\"2024-02-19T14:02:09+00:00\",\"description\":\"Rent a Car in Palma de Mallorca at the best price | Budget Car Hire in Palma de Mallorca | #1 Low Cost Car Rental at Mallorca Airport.\",\"breadcrumb\":{\"@id\":\"https:\/\/www.hasso-rentacar.com\/en\/rates\/#breadcrumb\"},\"inLanguage\":\"en-US\",\"potentialAction\":[{\"@type\":\"ReadAction\",\"target\":[\"https:\/\/www.hasso-rentacar.com\/en\/rates\/\"]}]},{\"@type\":\"BreadcrumbList\",\"@id\":\"https:\/\/www.hasso-rentacar.com\/en\/rates\/#breadcrumb\",\"itemListElement\":[{\"@type\":\"ListItem\",\"position\":1,\"name\":\"Home\",\"item\":\"https:\/\/www.hasso-rentacar.com\/en\/\"},{\"@type\":\"ListItem\",\"position\":2,\"name\":\"Tarifas\"}]},{\"@type\":\"WebSite\",\"@id\":\"https:\/\/www.hasso-rentacar.com\/#website\",\"url\":\"https:\/\/www.hasso-rentacar.com\/\",\"name\":\"Hasso Rentacar\",\"description\":\"\",\"potentialAction\":[{\"@type\":\"SearchAction\",\"target\":{\"@type\":\"EntryPoint\",\"urlTemplate\":\"https:\/\/www.hasso-rentacar.com\/?s={search_term_string}\"},\"query-input\":\"required name=search_term_string\"}],\"inLanguage\":\"en-US\"}]}<\/script>\n<!-- \/ Yoast SEO plugin. -->","yoast_head_json":{"title":"Budget Car Hire in Mallorca | Hasso Rent-a-Car","description":"Rent a Car in Palma de Mallorca at the best price | Budget Car Hire in Palma de Mallorca | #1 Low Cost Car Rental at Mallorca Airport.","robots":{"index":"index","follow":"follow","max-snippet":"max-snippet:-1","max-image-preview":"max-image-preview:large","max-video-preview":"max-video-preview:-1"},"canonical":"https:\/\/www.hasso-rentacar.com\/en\/rates\/","og_locale":"en_US","og_type":"article","og_title":"Budget Car Hire in Mallorca | Hasso Rent-a-Car","og_description":"Rent a Car in Palma de Mallorca at the best price | Budget Car Hire in Palma de Mallorca | #1 Low Cost Car Rental at Mallorca Airport.","og_url":"https:\/\/www.hasso-rentacar.com\/en\/rates\/","og_site_name":"Hasso Rentacar","article_modified_time":"2024-02-19T14:02:09+00:00","og_image":[{"url":"https:\/\/www.hasso-rentacar.com\/app\/uploads\/2022\/07\/CHICA_TARIFA_BRAVE.png"}],"twitter_card":"summary_large_image","twitter_misc":{"Est. reading time":"5 minutes"},"schema":{"@context":"https:\/\/schema.org","@graph":[{"@type":"WebPage","@id":"https:\/\/www.hasso-rentacar.com\/en\/rates\/","url":"https:\/\/www.hasso-rentacar.com\/en\/rates\/","name":"Budget Car Hire in Mallorca | Hasso Rent-a-Car","isPartOf":{"@id":"https:\/\/www.hasso-rentacar.com\/#website"},"datePublished":"2020-05-13T17:50:47+00:00","dateModified":"2024-02-19T14:02:09+00:00","description":"Rent a Car in Palma de Mallorca at the best price | Budget Car Hire in Palma de Mallorca | #1 Low Cost Car Rental at Mallorca Airport.","breadcrumb":{"@id":"https:\/\/www.hasso-rentacar.com\/en\/rates\/#breadcrumb"},"inLanguage":"en-US","potentialAction":[{"@type":"ReadAction","target":["https:\/\/www.hasso-rentacar.com\/en\/rates\/"]}]},{"@type":"BreadcrumbList","@id":"https:\/\/www.hasso-rentacar.com\/en\/rates\/#breadcrumb","itemListElement":[{"@type":"ListItem","position":1,"name":"Home","item":"https:\/\/www.hasso-rentacar.com\/en\/"},{"@type":"ListItem","position":2,"name":"Tarifas"}]},{"@type":"WebSite","@id":"https:\/\/www.hasso-rentacar.com\/#website","url":"https:\/\/www.hasso-rentacar.com\/","name":"Hasso Rentacar","description":"","potentialAction":[{"@type":"SearchAction","target":{"@type":"EntryPoint","urlTemplate":"https:\/\/www.hasso-rentacar.com\/?s={search_term_string}"},"query-input":"required name=search_term_string"}],"inLanguage":"en-US"}]}},"_links":{"self":[{"href":"https:\/\/www.hasso-rentacar.com\/en\/wp-json\/wp\/v2\/pages\/884"}],"collection":[{"href":"https:\/\/www.hasso-rentacar.com\/en\/wp-json\/wp\/v2\/pages"}],"about":[{"href":"https:\/\/www.hasso-rentacar.com\/en\/wp-json\/wp\/v2\/types\/page"}],"author":[{"embeddable":true,"href":"https:\/\/www.hasso-rentacar.com\/en\/wp-json\/wp\/v2\/users\/9"}],"replies":[{"embeddable":true,"href":"https:\/\/www.hasso-rentacar.com\/en\/wp-json\/wp\/v2\/comments?post=884"}],"version-history":[{"count":24,"href":"https:\/\/www.hasso-rentacar.com\/en\/wp-json\/wp\/v2\/pages\/884\/revisions"}],"predecessor-version":[{"id":3568,"href":"https:\/\/www.hasso-rentacar.com\/en\/wp-json\/wp\/v2\/pages\/884\/revisions\/3568"}],"wp:attachment":[{"href":"https:\/\/www.hasso-rentacar.com\/en\/wp-json\/wp\/v2\/media?parent=884"}],"curies":[{"name":"wp","href":"https:\/\/api.w.org\/{rel}","templated":true}]}}