{"id":4154,"date":"2020-04-02T10:52:50","date_gmt":"2020-04-02T10:52:50","guid":{"rendered":"https:\/\/www.hasso-rentacar.com\/ventajas\/"},"modified":"2024-07-05T14:56:21","modified_gmt":"2024-07-05T14:56:21","slug":"vantaggi","status":"publish","type":"page","link":"https:\/\/www.hasso-rentacar.com\/it\/vantaggi\/","title":{"rendered":"Perch\u00e9 HASSO?"},"content":{"rendered":"<form class=\"blocks__booking-form__item\"  action=\"https:\/\/booking.hasso-rentacar.com\/it\/rentacar\/listmodels\/\" method=\"GET\">\n  <div class=\"blocks__booking-form__item__container\">\n    <div class=\"blocks__booking-form__item__field blocks__booking-form__item__field--location\">\n      <span> Localizzazione <\/span>\n      <select class=\"location\">\n        <option value=\"Mallorca\">Mallorca Airport<\/option> \n      <\/select>\n    <\/div>\n    <div class=\"blocks__booking-form__item__field blocks__booking-form__item__field--datepicker\">\n      <span> Ritiro <\/span>\n      <img decoding=\"async\" src=\"https:\/\/www.hasso-rentacar.com\/app\/themes\/hasso-sage\/dist\/images\/calendar-icon_35feb9e3.png\"\/>\n      <input\n        class=\"date_start\"\n        type=\"text\"\n        name=\"recogida_fecha\"\n        autocomplete=\"off\"\n        placeholder=\"Fecha\"\n\tonkeydown=\"event.preventDefault()\"\n      required \/>\n      <input\n        class=\"date_start_hour readonly\"\n        type=\"text\"\n        name=\"recogida_hora\"        \n\tautocomplete=\"off\"\n\tplaceholder=\"Ora\"\n\tonkeydown=\"event.preventDefault()\"\n\trequired\n\t\/>\n    <\/div>\n    <div class=\"blocks__booking-form__item__field blocks__booking-form__item__field--datepicker\">\n      <span>Restituzione<\/span>\n      <img decoding=\"async\" src=\"https:\/\/www.hasso-rentacar.com\/app\/themes\/hasso-sage\/dist\/images\/calendar-icon_35feb9e3.png\"\/>\n      <input\n        class=\"date_end\"\n        type=\"text\"\n        name=\"devolucion_fecha\"\n        autocomplete=\"off\"\n        placeholder=\"Fecha\"\n     \tonkeydown=\"event.preventDefault()\"\n\trequired \/>\n      <input\n        class=\"date_end_hour readonly\"\n        type=\"text\"\n        name=\"devolucion_hora\"\n\trequired\n\tautocomplete=\"off\"\n        onkeydown=\"event.preventDefault()\"\n\tplaceholder=\"Ora\"\n       \/>\n    <\/div>\n    <div class=\"blocks__booking-form__item__field blocks__booking-form__item__field--promocode\">\n\n      <div class=\"blocks__booking-form__item__field__checkbox blocks__booking-form__item__field__checkbox--slim\">\n        <label>\n            <input type=\"checkbox\" required\/>\n            <span class=\"custom-checkbox\"><\/span>\n            Et\u00e0 del conducente +21\n        <\/label>\n      <\/div>\n    \n      <img decoding=\"async\" src=\"https:\/\/www.hasso-rentacar.com\/app\/themes\/hasso-sage\/dist\/images\/promo-icon_0e9d8368.png\"\/>\n      <input\n        type=\"text\"\n        name=\"promoCode\"\n        placeholder=\"Codice promozionale\"\n      \/>\n    <\/div>\n    <input class=\"input--with-text\" type=\"submit\" value=\"Prenotare\"\/>\n    <input class=\"input--with-icon\" type=\"submit\" value=\"\"\/>\n\n    <div class=\"blocks__booking-form__item__field__checkbox blocks__booking-form__item__field__checkbox--no-slim\">\n      <label>\n          <input type=\"checkbox\" required\/>\n          <span class=\"custom-checkbox\"><\/span>\n              Conducente tra 25 e 79 anni\n      <\/label>\n    <\/div>\n  <\/div>\n<\/form>\n\n\n\n<div style=\"height:20px\" aria-hidden=\"true\" class=\"wp-block-spacer\"><\/div>\n\n\n\n<div class=\"is-layout-flex wp-container-2 wp-block-columns are-vertically-aligned-center menu-secundario has-blue-700-background-color has-background m-0\">\n<div class=\"is-layout-flow wp-block-column is-vertically-aligned-center has-blue-700-background-color has-background p-0\" style=\"flex-basis:100%\"><div class=\"wp-block-image inline-block opacity\">\n<figure class=\"aligncenter size-large\"><a href=\"#ofertas\" rel=\"ofertas\"><img decoding=\"async\" loading=\"lazy\" width=\"36\" height=\"46\" src=\"https:\/\/www.hasso-rentacar.com\/app\/uploads\/2020\/04\/Group-202.svg\" alt=\"\" class=\"wp-image-281\"\/><\/a><figcaption class=\"wp-element-caption\">OFFERTE<\/figcaption><\/figure><\/div>\n\n<div class=\"wp-block-image inline-block opacity\">\n<figure class=\"aligncenter size-large\"><a class=\"ventajas\" href=\"#ventajas\" rel=\"ventajas\"><img decoding=\"async\" loading=\"lazy\" width=\"39\" height=\"54\" src=\"https:\/\/www.hasso-rentacar.com\/app\/uploads\/2020\/04\/Group-203.svg\" alt=\"\" class=\"wp-image-282\"\/><\/a><figcaption class=\"wp-element-caption\">VANTAGGI<\/figcaption><\/figure><\/div><\/div>\n<\/div>\n\n\n\n<div style=\"height:45px\" aria-hidden=\"true\" class=\"wp-block-spacer\"><\/div>\n\n\n\n<h1 class=\"has-text-align-center has-large-font-size\" id=\"ofertas\">Offerte di noleggio auto a Maiorca<\/h1>\n\n\n\n<h2 class=\"has-text-align-center has-medium-font-size\">\u2014 HASSO Rent a Car \u2014<\/h2>\n\n\n\n<div style=\"height:45px\" aria-hidden=\"true\" class=\"wp-block-spacer\"><\/div>\n\n\n\n<h2 class=\"has-text-align-left\" style=\"font-size:27px\">Affitta un&#8217;auto a Maiorca al miglior prezzo<\/h2>\n\n\n\n<p class=\"\">Hasso Rent a Car \u00e8 un&#8217;azienda leader nelle <strong>offerte di noleggio auto a Maiorca<\/strong>, con oltre 60 anni di esperienza nel settore. Ogni giorno ci impegniamo a offrire il <strong>miglior servizio di noleggio auto a Palma di Maiorca<\/strong>, fornendo una vasta gamma di veicoli di alta qualit\u00e0, moderni e con tariffe eccellenti. Infatti, offriamo sconti esclusivi per noleggi superiori a 7 giorni.Le nostre <strong>offerte di noleggio auto a Maiorca<\/strong> non solo si distinguono per i prezzi competitivi, ma anche per un servizio clienti eccellente. Il nostro servizio clienti \u00e8 disponibile 24 ore su 24, accompagnando i nostri clienti dal momento in cui accedono al nostro sito web fino al momento in cui restituiscono il veicolo nei nostri uffici. In definitiva, se sei interessato alle <strong>offerte di noleggio auto all&#8217;aeroporto di Maiorca,<\/strong> da Hasso troverai tutto ci\u00f2 che stai cercando.<\/p>\n\n\n\n<div style=\"height:1px\" aria-hidden=\"true\" class=\"wp-block-spacer\"><\/div>\n\n\n\n<h2 class=\"has-text-align-left\" style=\"font-size:27px\">Offerta di noleggio auto a Maiorca<\/h2>\n\n\n\n<p class=\"has-text-align-left\" style=\"font-size:18px\">Come azienda leader nel <strong>noleggio auto a Maiorca<\/strong>, ci impegniamo a offrire un servizio di prima classe. Il nostro obiettivo \u00e8 soddisfare tutte le esigenze dei nostri clienti in modo che possano godersi al massimo le loro vacanze sull&#8217;isola. Per questo motivo, disponiamo di veicoli all&#8217;avanguardia, ben mantenuti e dotati delle ultime tecnologie. E tutto questo con i prezzi pi\u00f9 competitivi sul mercato! Siamo consapevoli che, quando sei in vacanza, \u00e8 necessario risparmiare denaro. Consulta la nostra flotta di veicoli a Maiorca e ottieni il miglior prezzo per il tuo <strong>noleggio auto<\/strong>.<\/p>\n\n\n\n<div class=\"is-layout-constrained wp-block-group has-blue-background-color has-background\"><div class=\"wp-block-group__inner-container\">\n<div style=\"height:66px\" aria-hidden=\"true\" class=\"wp-block-spacer\"><\/div>\n\n\n\n<div class=\"is-layout-flex wp-container-6 wp-block-columns\">\n<div class=\"is-layout-flow wp-block-column\"><div class=\"wp-block-image\">\n<figure class=\"aligncenter size-large is-resized\"><img decoding=\"async\" loading=\"lazy\" src=\"https:\/\/www.hasso-rentacar.com\/app\/uploads\/2022\/07\/Hyundai_i10-1024x557.png\" alt=\"\" class=\"wp-image-1713\" width=\"512\" height=\"279\" srcset=\"https:\/\/www.hasso-rentacar.com\/app\/uploads\/2022\/07\/Hyundai_i10-1024x557.png 1024w, https:\/\/www.hasso-rentacar.com\/app\/uploads\/2022\/07\/Hyundai_i10-300x163.png 300w, https:\/\/www.hasso-rentacar.com\/app\/uploads\/2022\/07\/Hyundai_i10-600x326.png 600w, https:\/\/www.hasso-rentacar.com\/app\/uploads\/2022\/07\/Hyundai_i10-768x418.png 768w, https:\/\/www.hasso-rentacar.com\/app\/uploads\/2022\/07\/Hyundai_i10-1536x835.png 1536w, https:\/\/www.hasso-rentacar.com\/app\/uploads\/2022\/07\/Hyundai_i10.png 1679w\" sizes=\"(max-width: 512px) 100vw, 512px\" \/><\/figure><\/div>\n\n\n<p class=\"has-text-align-center has-white-color has-text-color has-large-font-size\"><strong>HYUNDAI i10<\/strong><\/p>\n\n\n\n<p class=\"has-text-align-center has-white-color has-text-color\">MANUALE<br>4 PASSEGGERI<br>5 PORTE<\/p>\n<\/div>\n\n\n\n<div class=\"is-layout-flow wp-block-column\"><div class=\"wp-block-image\">\n<figure class=\"aligncenter size-large is-resized\"><img decoding=\"async\" loading=\"lazy\" src=\"https:\/\/www.hasso-rentacar.com\/app\/uploads\/2022\/07\/CITROEN_C3-1024x557.png\" alt=\"\" class=\"wp-image-1717\" width=\"512\" height=\"279\" srcset=\"https:\/\/www.hasso-rentacar.com\/app\/uploads\/2022\/07\/CITROEN_C3-1024x557.png 1024w, https:\/\/www.hasso-rentacar.com\/app\/uploads\/2022\/07\/CITROEN_C3-300x163.png 300w, https:\/\/www.hasso-rentacar.com\/app\/uploads\/2022\/07\/CITROEN_C3-600x326.png 600w, https:\/\/www.hasso-rentacar.com\/app\/uploads\/2022\/07\/CITROEN_C3-768x418.png 768w, https:\/\/www.hasso-rentacar.com\/app\/uploads\/2022\/07\/CITROEN_C3-1536x835.png 1536w, https:\/\/www.hasso-rentacar.com\/app\/uploads\/2022\/07\/CITROEN_C3.png 1679w\" sizes=\"(max-width: 512px) 100vw, 512px\" \/><\/figure><\/div>\n\n\n<p class=\"has-text-align-center has-white-color has-text-color has-large-font-size\"><strong>CITRO\u00cbN C3<\/strong><\/p>\n\n\n\n<p class=\"has-text-align-center has-white-color has-text-color\">MANUALE<br>5 PASSEGGERI<br>5 PORTE<\/p>\n<\/div>\n\n\n\n<div class=\"is-layout-flow wp-block-column\"><div class=\"wp-block-image\">\n<figure class=\"aligncenter size-large is-resized\"><img decoding=\"async\" loading=\"lazy\" src=\"https:\/\/www.hasso-rentacar.com\/app\/uploads\/2023\/02\/PEUGEOT-2008-HASSO-1024x521.png\" alt=\"\" class=\"wp-image-2631\" width=\"512\" height=\"261\" srcset=\"https:\/\/www.hasso-rentacar.com\/app\/uploads\/2023\/02\/PEUGEOT-2008-HASSO-1024x521.png 1024w, https:\/\/www.hasso-rentacar.com\/app\/uploads\/2023\/02\/PEUGEOT-2008-HASSO-300x153.png 300w, https:\/\/www.hasso-rentacar.com\/app\/uploads\/2023\/02\/PEUGEOT-2008-HASSO-600x305.png 600w, https:\/\/www.hasso-rentacar.com\/app\/uploads\/2023\/02\/PEUGEOT-2008-HASSO-768x391.png 768w, https:\/\/www.hasso-rentacar.com\/app\/uploads\/2023\/02\/PEUGEOT-2008-HASSO-1536x781.png 1536w, https:\/\/www.hasso-rentacar.com\/app\/uploads\/2023\/02\/PEUGEOT-2008-HASSO.png 1600w\" sizes=\"(max-width: 512px) 100vw, 512px\" \/><\/figure><\/div>\n\n\n<p class=\"has-text-align-center has-white-color has-text-color has-large-font-size\"><strong>PEUGEOT 2008<\/strong><\/p>\n\n\n\n<p class=\"has-text-align-center has-white-color has-text-color\">AUTOMATICO<br>5 PASSEGGERI<br>5 PORTE<\/p>\n<\/div>\n<\/div>\n\n\n\n<div class=\"is-content-justification-center is-layout-flex wp-container-7 wp-block-buttons\">\n<div class=\"wp-block-button\"><a class=\"wp-block-button__link has-white-color has-blue-700-background-color has-text-color has-background wp-element-button\" href=\"https:\/\/www.hasso-rentacar.com\/it\/flota\/\" style=\"border-radius:11px\"><strong>SCOPRI TUTTI I VEICOLI<\/strong><\/a><\/div>\n<\/div>\n\n\n\n<div style=\"height:68px\" aria-hidden=\"true\" class=\"wp-block-spacer\"><\/div>\n<\/div><\/div>\n\n\n\n<p class=\"\"><br><\/p>\n\n\n\n<h1 class=\"has-text-align-center ventajas has-large-font-size\" id=\"ventajas\">Vantaggi di noleggiare auto con Hasso a Maiorca<\/h1>\n\n\n\n<div style=\"height:45px\" aria-hidden=\"true\" class=\"wp-block-spacer\"><\/div>\n\n\n\n<h2 class=\"has-text-align-left\" style=\"font-size:27px\">Perch\u00e9 noleggiare un&#8217;auto a Maiorca con HASSO?<\/h2>\n\n\n\n<p class=\"\">Viaggiare a Maiorca pu\u00f2 essere un&#8217;esperienza incredibile per i viaggiatori in cerca di una fuga in una destinazione esotica. Tuttavia, l&#8217;isola non si vive allo stesso modo senza la libert\u00e0 di poter visitare ogni angolo in auto. Per questo, noleggiare un&#8217;auto con Hasso \u00e8 un&#8217;ottima opzione per sfruttare al massimo le tue vacanze.<\/p>\n\n\n\n<p class=\"\">La nostra azienda di noleggio auto con sede a Palma di Maiorca offre una variet\u00e0 di vantaggi ai suoi clienti. Ecco alcuni dei principali vantaggi del noleggio auto con Hasso:<\/p>\n\n\n\n<div class=\"is-layout-flex wp-container-13 wp-block-columns full\" id=\"ventajas\">\n<div class=\"is-layout-flow wp-block-column\">\n<div class=\"wp-block-hasso-hero blocks__hero hero pb-0 is-style-content-bottom container--full hidden--sm\" style=\"background-image:url(https:\/\/www.hasso-rentacar.com\/app\/uploads\/2021\/08\/hasso_fondo.png)\" bb=\"background\" bb-id=\"1262\" bb-url=\"https:\/\/www.hasso-rentacar.com\/app\/uploads\/2021\/08\/hasso_fondo.png\"><div class=\"blocks__hero__content\">\n<div class=\"is-layout-flex wp-container-11 wp-block-columns pb-0 mb-0\">\n<div class=\"is-layout-flow wp-block-column pb-0\">\n<figure class=\"wp-block-image size-large is-resized is-style-default pb-0 mb-0\"><img decoding=\"async\" loading=\"lazy\" src=\"https:\/\/www.hasso-rentacar.com\/app\/uploads\/2021\/07\/Por_que_HASSO_CHICA_ilustrada.png\" alt=\"\" class=\"wp-image-941\" width=\"302\" height=\"382\" srcset=\"https:\/\/www.hasso-rentacar.com\/app\/uploads\/2021\/07\/Por_que_HASSO_CHICA_ilustrada.png 604w, https:\/\/www.hasso-rentacar.com\/app\/uploads\/2021\/07\/Por_que_HASSO_CHICA_ilustrada-300x379.png 300w, https:\/\/www.hasso-rentacar.com\/app\/uploads\/2021\/07\/Por_que_HASSO_CHICA_ilustrada-600x758.png 600w, https:\/\/www.hasso-rentacar.com\/app\/uploads\/2021\/07\/Por_que_HASSO_CHICA_ilustrada-237x300.png 237w\" sizes=\"(max-width: 302px) 100vw, 302px\" \/><\/figure>\n<\/div>\n\n\n\n<div class=\"is-layout-flow wp-block-column\">\n<p class=\"has-white-color has-text-color\" style=\"font-size:18px\"><strong>Prezzi low cost per il noleggio auto.<\/strong><\/p>\n\n\n\n<p class=\"has-white-color has-text-color\" style=\"font-size:18px\">Noleggio personalizzato. Scegli tu gli extra di cui hai bisogno<strong><strong>.<\/strong><\/strong><\/p>\n\n\n\n<p class=\"has-white-color has-text-color\" style=\"font-size:18px\"><strong>Veicoli nuovi e in perfette condizioni.<\/strong><\/p>\n\n\n\n<p class=\"has-white-color has-text-color\" style=\"font-size:18px\">Servizio flessibile sulle coperture per la tua auto a noleggio<strong>.<\/strong><\/p>\n\n\n\n<p class=\"has-white-color has-text-color\" style=\"font-size:18px\"><strong><strong>Qualit\u00e0, affidabilit\u00e0 e trasparenza.<\/strong><\/strong><\/p>\n<\/div>\n<\/div>\n\n\n\n<p class=\"\"><\/p>\n<\/div><\/div>\n<\/div>\n<\/div>\n\n\n\n<div class=\"wp-block-hasso-hero blocks__hero hero pb-0 is-style-content-bottom container--full hidden--md hidden--lg hidden--xl\" style=\"background-image:url(https:\/\/www.hasso-rentacar.com\/app\/uploads\/2021\/07\/Por_que_HASSO_FONDO_CHICA_ilustrada_oscuro.png)\" bb=\"background\" bb-id=\"938\" bb-url=\"https:\/\/www.hasso-rentacar.com\/app\/uploads\/2021\/07\/Por_que_HASSO_FONDO_CHICA_ilustrada_oscuro.png\"><div class=\"blocks__hero__content\">\n<div class=\"is-layout-flex wp-container-16 wp-block-columns pb-0 mb-0\">\n<div class=\"is-layout-flow wp-block-column pb-0\">\n<p class=\"has-white-color has-text-color\" style=\"font-size:18px\"><strong>Precios de Rent a Car <em>low cost<\/em>.<\/strong><\/p>\n\n\n\n<p class=\"has-white-color has-text-color\" style=\"font-size:18px\"><strong>Veh\u00edculos nuevos y en perfecto estado.<\/strong><\/p>\n\n\n\n<p class=\"has-white-color has-text-color\" style=\"font-size:18px\"><strong><strong>Alquiler personalizado. T\u00fa eliges los extras que necesites.<\/strong><\/strong><\/p>\n\n\n\n<p class=\"has-white-color has-text-color\" style=\"font-size:18px\"><strong>Servicio flexible en coberturas para tu coche de alquiler.<\/strong><\/p>\n\n\n\n<p class=\"has-white-color has-text-color\" style=\"font-size:18px\"><strong><strong>Calidad, fiabilidad y transparencia.<\/strong><\/strong><\/p>\n\n\n\n<p class=\"\"><\/p>\n<\/div>\n\n\n\n<div class=\"is-layout-flow wp-block-column\">\n<figure class=\"wp-block-image size-large is-style-default pb-0 mb-0\"><img decoding=\"async\" loading=\"lazy\" width=\"604\" height=\"763\" src=\"https:\/\/www.hasso-rentacar.com\/app\/uploads\/2021\/07\/Por_que_HASSO_CHICA_ilustrada.png\" alt=\"\" class=\"wp-image-941\" srcset=\"https:\/\/www.hasso-rentacar.com\/app\/uploads\/2021\/07\/Por_que_HASSO_CHICA_ilustrada.png 604w, https:\/\/www.hasso-rentacar.com\/app\/uploads\/2021\/07\/Por_que_HASSO_CHICA_ilustrada-300x379.png 300w, https:\/\/www.hasso-rentacar.com\/app\/uploads\/2021\/07\/Por_que_HASSO_CHICA_ilustrada-600x758.png 600w, https:\/\/www.hasso-rentacar.com\/app\/uploads\/2021\/07\/Por_que_HASSO_CHICA_ilustrada-237x300.png 237w\" sizes=\"(max-width: 604px) 100vw, 604px\" \/><\/figure>\n<\/div>\n<\/div>\n<\/div><\/div>\n\n\n\n<p class=\"has-text-align-left\" style=\"font-size:18px\"><br>In definitiva, con Hasso Rent a Car otterrai il miglior servizio, il miglior prezzo e la migliore flotta di veicoli. Prenota la tua <strong>auto a noleggio a Maiorca<\/strong> con noi e goditi i vantaggi di viaggiare con Hasso!<\/p>\n\n\n\n<div style=\"height:25px\" aria-hidden=\"true\" class=\"wp-block-spacer\"><\/div>\n\n\n\n<hr class=\"wp-block-separator has-text-color has-blue-color has-alpha-channel-opacity has-blue-background-color has-background is-style-wide\"\/>\n\n\n\n<div style=\"height:25px\" aria-hidden=\"true\" class=\"wp-block-spacer\"><\/div>\n\n\n\n<h2 class=\"has-text-align-center has-blue-color has-text-color\" style=\"font-size:27px\">PREZZO, FLESSIBILIT\u00c0, QUALIT\u00c0, AFFIDABILIT\u00c0 E TRASPARENZA<\/h2>\n\n\n\n<p class=\"has-text-align-center\" style=\"font-size:18px\">Questi sono i cinque pilastri su cui Hasso costruisce una proposta che la rende unica nel settore del <strong>noleggio auto economico a Maiorca de alquiler.<\/strong><\/p>\n\n\n\n<div style=\"height:25px\" aria-hidden=\"true\" class=\"wp-block-spacer\"><\/div>\n\n\n\n<hr class=\"wp-block-separator has-text-color has-blue-color has-alpha-channel-opacity has-blue-background-color has-background is-style-wide\"\/>\n\n\n\n<div style=\"height:25px\" aria-hidden=\"true\" class=\"wp-block-spacer\"><\/div>\n\n\n\n<h2 class=\"has-text-align-center\" style=\"font-size:27px\">Vantaggi HASSO<\/h2>\n\n\n\n<p class=\"has-text-align-center\" style=\"font-size:18px\"><strong>1. Prezzi <strong>low cost per il noleggio auto<\/strong>. <\/strong><br>Noleggia una Berlina, una Cabrio o un SUV al miglior prezzo.<\/p>\n\n\n\n<p class=\"has-text-align-center\" style=\"font-size:18px\"><strong>2. Scegli i tuoi EXTRAS. <\/strong><br>Servizio flessibile sulle coperture per la tua auto a noleggio. D\u00ec addio ai pacchetti prezzi con cose di cui non hai bisogno e goditi il tuo noleggio auto a Maiorca personalizzato.<\/p>\n\n\n\n<p class=\"has-text-align-center\" style=\"font-size:18px\"><strong>3. Flotta auto RINNOVATA. <\/strong><br>Auto a noleggio nuove e pronte a portarti ovunque. Perch\u00e9 crediamo che la qualit\u00e0 non debba essere in contrasto con il prezzo.<\/p>\n\n\n\n<p class=\"has-text-align-center\" style=\"font-size:18px\"><strong>4. Scegli TU l&#8217;assicurazione per la tua <strong>auto a noleggio a Maiorca<\/strong>. <\/strong><br>Scegli copertura totale, un&#8217;assicurazione senza franchigia o un&#8217;assicurazione per pneumatici e vetri. Prenotare un veicolo a noleggio non \u00e8 mai stato cos\u00ec facile!<\/p>\n\n\n\n<p class=\"has-text-align-center\" style=\"font-size:18px\"><strong>5. HASSO, garanzia di noleggio. <\/strong><br>La nostra azienda vanta pi\u00f9 di 60 anni di esperienza nel settore del <strong>noleggio auto all&#8217;aeroporto di Maiorca<\/strong>.<\/p>\n\n\n\n<div style=\"height:40px\" aria-hidden=\"true\" id=\"tarifas\" class=\"wp-block-spacer\"><\/div>\n\n\n\n<div class=\"is-layout-flow wp-block-group\"><div class=\"wp-block-group__inner-container\"><\/div><\/div>\n","protected":false},"excerpt":{"rendered":"<p>Offerte di noleggio auto a Maiorca \u2014 HASSO Rent a Car \u2014 Affitta un&#8217;auto a Maiorca al miglior prezzo Hasso Rent a Car \u00e8 un&#8217;azienda leader nelle offerte di noleggio auto a Maiorca, con oltre 60 anni di esperienza nel settore. Ogni giorno ci impegniamo a offrire il miglior servizio di noleggio auto a Palma &hellip; <a href=\"https:\/\/www.hasso-rentacar.com\/it\/vantaggi\/\">Continua<\/a><\/p>\n","protected":false},"author":9,"featured_media":0,"parent":0,"menu_order":0,"comment_status":"closed","ping_status":"closed","template":"","meta":[],"yoast_head":"<!-- This site is optimized with the Yoast SEO plugin v20.1 - https:\/\/yoast.com\/wordpress\/plugins\/seo\/ -->\n<title>Offerta di Noleggio Auto a Maiorca | Hasso Rent a Car<\/title>\n<meta name=\"description\" content=\"Trova il miglior prezzo per il tuo Noleggio Auto a Palma di Maiorca | Offerte di Noleggio Auto a Maiorca | Hasso Rent a Car.\" \/>\n<meta name=\"robots\" content=\"index, follow, max-snippet:-1, max-image-preview:large, max-video-preview:-1\" \/>\n<link rel=\"canonical\" href=\"https:\/\/www.hasso-rentacar.com\/it\/vantaggi\/\" \/>\n<meta property=\"og:locale\" content=\"it_IT\" \/>\n<meta property=\"og:type\" content=\"article\" \/>\n<meta property=\"og:title\" content=\"Offerta di Noleggio Auto a Maiorca | Hasso Rent a Car\" \/>\n<meta property=\"og:description\" content=\"Trova il miglior prezzo per il tuo Noleggio Auto a Palma di Maiorca | Offerte di Noleggio Auto a Maiorca | Hasso Rent a Car.\" \/>\n<meta property=\"og:url\" content=\"https:\/\/www.hasso-rentacar.com\/it\/vantaggi\/\" \/>\n<meta property=\"og:site_name\" content=\"Hasso Rentacar\" \/>\n<meta property=\"article:modified_time\" content=\"2024-07-05T14:56:21+00:00\" \/>\n<meta property=\"og:image\" content=\"https:\/\/www.hasso-rentacar.com\/app\/uploads\/2020\/04\/Group-202.svg\" \/>\n<meta name=\"twitter:card\" content=\"summary_large_image\" \/>\n<meta name=\"twitter:label1\" content=\"Est. reading time\" \/>\n\t<meta name=\"twitter:data1\" content=\"5 minutes\" \/>\n<script type=\"application\/ld+json\" class=\"yoast-schema-graph\">{\"@context\":\"https:\/\/schema.org\",\"@graph\":[{\"@type\":\"WebPage\",\"@id\":\"https:\/\/www.hasso-rentacar.com\/it\/vantaggi\/\",\"url\":\"https:\/\/www.hasso-rentacar.com\/it\/vantaggi\/\",\"name\":\"Offerta di Noleggio Auto a Maiorca | Hasso Rent a Car\",\"isPartOf\":{\"@id\":\"https:\/\/www.hasso-rentacar.com\/#website\"},\"datePublished\":\"2020-04-02T10:52:50+00:00\",\"dateModified\":\"2024-07-05T14:56:21+00:00\",\"description\":\"Trova il miglior prezzo per il tuo Noleggio Auto a Palma di Maiorca | Offerte di Noleggio Auto a Maiorca | Hasso Rent a Car.\",\"breadcrumb\":{\"@id\":\"https:\/\/www.hasso-rentacar.com\/it\/vantaggi\/#breadcrumb\"},\"inLanguage\":\"it-IT\",\"potentialAction\":[{\"@type\":\"ReadAction\",\"target\":[\"https:\/\/www.hasso-rentacar.com\/it\/vantaggi\/\"]}]},{\"@type\":\"BreadcrumbList\",\"@id\":\"https:\/\/www.hasso-rentacar.com\/it\/vantaggi\/#breadcrumb\",\"itemListElement\":[{\"@type\":\"ListItem\",\"position\":1,\"name\":\"Home\",\"item\":\"https:\/\/www.hasso-rentacar.com\/it\/\"},{\"@type\":\"ListItem\",\"position\":2,\"name\":\"Perch\u00e9 HASSO?\"}]},{\"@type\":\"WebSite\",\"@id\":\"https:\/\/www.hasso-rentacar.com\/#website\",\"url\":\"https:\/\/www.hasso-rentacar.com\/\",\"name\":\"Hasso Rentacar\",\"description\":\"\",\"potentialAction\":[{\"@type\":\"SearchAction\",\"target\":{\"@type\":\"EntryPoint\",\"urlTemplate\":\"https:\/\/www.hasso-rentacar.com\/?s={search_term_string}\"},\"query-input\":\"required name=search_term_string\"}],\"inLanguage\":\"it-IT\"}]}<\/script>\n<!-- \/ Yoast SEO plugin. -->","yoast_head_json":{"title":"Offerta di Noleggio Auto a Maiorca | Hasso Rent a Car","description":"Trova il miglior prezzo per il tuo Noleggio Auto a Palma di Maiorca | Offerte di Noleggio Auto a Maiorca | Hasso Rent a Car.","robots":{"index":"index","follow":"follow","max-snippet":"max-snippet:-1","max-image-preview":"max-image-preview:large","max-video-preview":"max-video-preview:-1"},"canonical":"https:\/\/www.hasso-rentacar.com\/it\/vantaggi\/","og_locale":"it_IT","og_type":"article","og_title":"Offerta di Noleggio Auto a Maiorca | Hasso Rent a Car","og_description":"Trova il miglior prezzo per il tuo Noleggio Auto a Palma di Maiorca | Offerte di Noleggio Auto a Maiorca | Hasso Rent a Car.","og_url":"https:\/\/www.hasso-rentacar.com\/it\/vantaggi\/","og_site_name":"Hasso Rentacar","article_modified_time":"2024-07-05T14:56:21+00:00","og_image":[{"url":"https:\/\/www.hasso-rentacar.com\/app\/uploads\/2020\/04\/Group-202.svg"}],"twitter_card":"summary_large_image","twitter_misc":{"Est. reading time":"5 minutes"},"schema":{"@context":"https:\/\/schema.org","@graph":[{"@type":"WebPage","@id":"https:\/\/www.hasso-rentacar.com\/it\/vantaggi\/","url":"https:\/\/www.hasso-rentacar.com\/it\/vantaggi\/","name":"Offerta di Noleggio Auto a Maiorca | Hasso Rent a Car","isPartOf":{"@id":"https:\/\/www.hasso-rentacar.com\/#website"},"datePublished":"2020-04-02T10:52:50+00:00","dateModified":"2024-07-05T14:56:21+00:00","description":"Trova il miglior prezzo per il tuo Noleggio Auto a Palma di Maiorca | Offerte di Noleggio Auto a Maiorca | Hasso Rent a Car.","breadcrumb":{"@id":"https:\/\/www.hasso-rentacar.com\/it\/vantaggi\/#breadcrumb"},"inLanguage":"it-IT","potentialAction":[{"@type":"ReadAction","target":["https:\/\/www.hasso-rentacar.com\/it\/vantaggi\/"]}]},{"@type":"BreadcrumbList","@id":"https:\/\/www.hasso-rentacar.com\/it\/vantaggi\/#breadcrumb","itemListElement":[{"@type":"ListItem","position":1,"name":"Home","item":"https:\/\/www.hasso-rentacar.com\/it\/"},{"@type":"ListItem","position":2,"name":"Perch\u00e9 HASSO?"}]},{"@type":"WebSite","@id":"https:\/\/www.hasso-rentacar.com\/#website","url":"https:\/\/www.hasso-rentacar.com\/","name":"Hasso Rentacar","description":"","potentialAction":[{"@type":"SearchAction","target":{"@type":"EntryPoint","urlTemplate":"https:\/\/www.hasso-rentacar.com\/?s={search_term_string}"},"query-input":"required name=search_term_string"}],"inLanguage":"it-IT"}]}},"_links":{"self":[{"href":"https:\/\/www.hasso-rentacar.com\/it\/wp-json\/wp\/v2\/pages\/4154"}],"collection":[{"href":"https:\/\/www.hasso-rentacar.com\/it\/wp-json\/wp\/v2\/pages"}],"about":[{"href":"https:\/\/www.hasso-rentacar.com\/it\/wp-json\/wp\/v2\/types\/page"}],"author":[{"embeddable":true,"href":"https:\/\/www.hasso-rentacar.com\/it\/wp-json\/wp\/v2\/users\/9"}],"replies":[{"embeddable":true,"href":"https:\/\/www.hasso-rentacar.com\/it\/wp-json\/wp\/v2\/comments?post=4154"}],"version-history":[{"count":1,"href":"https:\/\/www.hasso-rentacar.com\/it\/wp-json\/wp\/v2\/pages\/4154\/revisions"}],"predecessor-version":[{"id":4156,"href":"https:\/\/www.hasso-rentacar.com\/it\/wp-json\/wp\/v2\/pages\/4154\/revisions\/4156"}],"wp:attachment":[{"href":"https:\/\/www.hasso-rentacar.com\/it\/wp-json\/wp\/v2\/media?parent=4154"}],"curies":[{"name":"wp","href":"https:\/\/api.w.org\/{rel}","templated":true}]}}