{"id":4161,"date":"2020-04-02T11:06:21","date_gmt":"2020-04-02T11:06:21","guid":{"rendered":"https:\/\/www.hasso-rentacar.com\/aviso-legal\/"},"modified":"2024-07-08T07:36:44","modified_gmt":"2024-07-08T07:36:44","slug":"avviso-legale","status":"publish","type":"page","link":"https:\/\/www.hasso-rentacar.com\/it\/avviso-legale\/","title":{"rendered":"Avviso legale"},"content":{"rendered":"\n<h2 class=\"has-text-align-center\"> CONDIZIONI GENERALI DI UTILIZZO DEL SITO WEB WWW.HASSO-RENTACAR.COM<\/h2>\n\n\n\n<h3 class=\"is-style-container\">Propriet\u00e0 Intellettuale e Industriale<\/h3>\n\n\n\n<p class=\"\">L&#8217;intero sito web (testi, marchi commerciali, loghi, immagini, nonch\u00e9 la struttura, selezione, ordinamento e presentazione dei suoi contenuti) \u00e8 protetto dalle leggi spagnole e internazionali sulla Propriet\u00e0 Intellettuale e Industriale.<\/p>\n\n\n\n<p class=\"\">L&#8217;accesso a questo sito web non implica in alcun modo una licenza per la sua riproduzione e\/o distribuzione, attivit\u00e0 che sono espressamente vietate senza il permesso esplicito e scritto di HASSO Rent a Car Mallorca.<\/p>\n\n\n\n<h3 class=\"is-style-container\">Responsabilit\u00e0<\/h3>\n\n\n\n<p class=\"\">Questo sito web, tra gli altri servizi, raccoglie una serie di link ad altri siti web di Internet. Questi link non rappresentano alcun tipo di relazione tra HASSO Rent a Car Mallorca e i privati o le aziende titolari delle suddette pagine web collegate. HASSO Rent a Car Mallorca non \u00e8 responsabile dei contenuti pubblicati sulle pagine collegate e rispetta i diritti di propriet\u00e0 intellettuale che i loro autori possono possedere. Qualsiasi corrispondenza, acquisto di beni o servizi che l&#8217;utente effettui con i titolari dei siti web collegati, riguardano esclusivamente l&#8217;utente e detti titolari.<\/p>\n\n\n\n<p class=\"\">HASSO Rent a Car Mallorca non si assume alcuna responsabilit\u00e0 per eventuali danni che gli utenti di questo sito web possano causare, per l&#8217;uso illegale o improprio dello stesso o dei contenuti e delle informazioni accessibili o fornite attraverso di esso.<\/p>\n\n\n\n<p class=\"\">HASSO Rent a Car Mallorca non garantisce che questo sito web sia operativo in ogni momento a causa di possibili problemi nella rete Internet, guasti nei server e altre possibili contingenze imprevedibili.<\/p>\n\n\n\n<p class=\"\">HASSO Rent a Car Mallorca non \u00e8 responsabile per danni diretti o indiretti derivanti dall&#8217;uso di questo sito web, inclusi danni ai sistemi informatici e l&#8217;introduzione di virus.<\/p>\n\n\n\n<h3 class=\"is-style-container\">Accesso e uso del sito web<\/h3>\n\n\n\n<p class=\"\">Questo sito web pu\u00f2 essere visitato liberamente dagli utenti, l&#8217;uso di questo sito \u00e8 esclusivamente a livello personale.<\/p>\n\n\n\n<p class=\"\">Sia l&#8217;accesso a questo sito web, sia l&#8217;uso delle informazioni e dei contenuti inclusi, saranno di esclusiva responsabilit\u00e0 di chi lo realizza. Le condizioni di accesso a questo sito saranno subordinate alla legalit\u00e0 vigente e ai principi di buona fede e uso lecito da parte dell&#8217;utente, restando generalmente vietato qualsiasi atto a danno di HASSO Rent a Car Mallorca o di terzi.<\/p>\n\n\n\n<p class=\"\">Si considera espressamente vietato l&#8217;uso di questo sito web per scopi illegali o non autorizzati, in particolare e senza carattere esaustivo:<\/p>\n\n\n\n<p class=\"\">\u00b7 Qualsiasi forma di violazione dei diritti di terzi (diritto alla privacy, all&#8217;immagine personale, al segreto delle comunicazioni, alla propriet\u00e0 intellettuale e industriale, alla protezione dei dati personali, ecc.)<\/p>\n\n\n\n<p class=\"\">\u00b7 Pubblicare, divulgare, annunciare qualsiasi materiale, questione o informazione con contenuti osceni, pornografici, abusivi, diffamatori o illegali.<\/p>\n\n\n\n<p class=\"\">\u00b7 Introdurre qualsiasi tipo di virus informatico, file difettosi, ecc., che possano causare danni o alterazioni non autorizzate dei contenuti o dei sistemi di qualsiasi tipo accessibili attraverso questo sito web.<\/p>\n\n\n\n<p class=\"\">HASSO Rent a Car Mallorca si riserva il diritto di sospendere l&#8217;accesso al proprio sito web, senza preavviso, a sua discrezione e temporaneamente, per motivi tecnici o di qualsiasi altro tipo.<\/p>\n\n\n\n<p class=\"\">Ai titolari delle pagine web collegate (link) al sito <a href=\"http:\/\/www.hasso-rentacar.com\">www.hasso-rentacar.com<\/a><\/p>\n\n\n\n<p class=\"\">I titolari delle pagine web collegate a questo sito possono manifestare la loro volont\u00e0 di non farne parte, per fare ci\u00f2 devono fare una richiesta espressa in tal senso inviando un messaggio a <a>info@hasso-rentacar.com<\/a><\/p>\n\n\n\n<h3 class=\"is-style-container\">ALTRE CONDIZIONI<\/h3>\n\n\n\n<ol class=\"\">\n<li class=\"\">HASSO Rent a Car Mallorca si riserva il diritto di modificare in qualsiasi momento la totalit\u00e0 o parte dei contenuti di questo sito web cos\u00ec come le condizioni di accesso.<\/li>\n\n\n\n<li class=\"\">Le presenti Condizioni Generali e tutte le relazioni che si stabiliscono tra l&#8217;utente e HASSO Rent a Car Mallorca saranno regolate dalla legislazione spagnola, essendo competenti per la risoluzione di tutti i conflitti derivanti o correlati all&#8217;uso di questo sito web, i Tribunali di Spagna.<\/li>\n\n\n\n<li class=\"\">L&#8217;utilizzo di questo sito web implica l&#8217;accettazione delle precedenti Condizioni Generali.<\/li>\n<\/ol>\n\n\n\n<p class=\"is-style-container\">HASSO Rent a Car Mallorca \u00e8 composto da:<\/p>\n\n\n\n<p class=\"is-style-container\">AUTOS D&#8217;OR RENT A CAR, S.L.U<br>Avda. Bienvenidos, n\u00ba64<br>Cala D\u00b4Or (Santanyi)<br>07660 Baleares Espa\u00f1a<br> N.I.F. n\u00ba B-07697022<\/p>\n","protected":false},"excerpt":{"rendered":"<p>CONDIZIONI GENERALI DI UTILIZZO DEL SITO WEB WWW.HASSO-RENTACAR.COM Propriet\u00e0 Intellettuale e Industriale L&#8217;intero sito web (testi, marchi commerciali, loghi, immagini, nonch\u00e9 la struttura, selezione, ordinamento e presentazione dei suoi contenuti) \u00e8 protetto dalle leggi spagnole e internazionali sulla Propriet\u00e0 Intellettuale e Industriale. L&#8217;accesso a questo sito web non implica in alcun modo una licenza per &hellip; <a href=\"https:\/\/www.hasso-rentacar.com\/it\/avviso-legale\/\">Continua<\/a><\/p>\n","protected":false},"author":9,"featured_media":0,"parent":0,"menu_order":0,"comment_status":"closed","ping_status":"closed","template":"","meta":[],"yoast_head":"<!-- This site is optimized with the Yoast SEO plugin v20.1 - https:\/\/yoast.com\/wordpress\/plugins\/seo\/ -->\n<title>Avviso legale | HASSO<\/title>\n<meta name=\"description\" content=\"Conosci le condizioni di utilizzo del sito web di HASSO, dove potrai consultare e noleggiare i nostri servizi di autonoleggio.\" \/>\n<meta name=\"robots\" content=\"noindex, nofollow\" \/>\n<meta property=\"og:locale\" content=\"it_IT\" \/>\n<meta property=\"og:type\" content=\"article\" \/>\n<meta property=\"og:title\" content=\"Avviso legale | HASSO\" \/>\n<meta property=\"og:description\" content=\"Conosci le condizioni di utilizzo del sito web di HASSO, dove potrai consultare e noleggiare i nostri servizi di autonoleggio.\" \/>\n<meta property=\"og:url\" content=\"https:\/\/www.hasso-rentacar.com\/it\/avviso-legale\/\" \/>\n<meta property=\"og:site_name\" content=\"Hasso Rentacar\" \/>\n<meta property=\"article:modified_time\" content=\"2024-07-08T07:36:44+00:00\" \/>\n<meta name=\"twitter:card\" content=\"summary_large_image\" \/>\n<meta name=\"twitter:label1\" content=\"Est. reading time\" \/>\n\t<meta name=\"twitter:data1\" content=\"3 minutes\" \/>\n<script type=\"application\/ld+json\" class=\"yoast-schema-graph\">{\"@context\":\"https:\/\/schema.org\",\"@graph\":[{\"@type\":\"WebPage\",\"@id\":\"https:\/\/www.hasso-rentacar.com\/it\/avviso-legale\/\",\"url\":\"https:\/\/www.hasso-rentacar.com\/it\/avviso-legale\/\",\"name\":\"Avviso legale | HASSO\",\"isPartOf\":{\"@id\":\"https:\/\/www.hasso-rentacar.com\/#website\"},\"datePublished\":\"2020-04-02T11:06:21+00:00\",\"dateModified\":\"2024-07-08T07:36:44+00:00\",\"description\":\"Conosci le condizioni di utilizzo del sito web di HASSO, dove potrai consultare e noleggiare i nostri servizi di autonoleggio.\",\"breadcrumb\":{\"@id\":\"https:\/\/www.hasso-rentacar.com\/it\/avviso-legale\/#breadcrumb\"},\"inLanguage\":\"it-IT\",\"potentialAction\":[{\"@type\":\"ReadAction\",\"target\":[\"https:\/\/www.hasso-rentacar.com\/it\/avviso-legale\/\"]}]},{\"@type\":\"BreadcrumbList\",\"@id\":\"https:\/\/www.hasso-rentacar.com\/it\/avviso-legale\/#breadcrumb\",\"itemListElement\":[{\"@type\":\"ListItem\",\"position\":1,\"name\":\"Home\",\"item\":\"https:\/\/www.hasso-rentacar.com\/it\/\"},{\"@type\":\"ListItem\",\"position\":2,\"name\":\"Avviso legale\"}]},{\"@type\":\"WebSite\",\"@id\":\"https:\/\/www.hasso-rentacar.com\/#website\",\"url\":\"https:\/\/www.hasso-rentacar.com\/\",\"name\":\"Hasso Rentacar\",\"description\":\"\",\"potentialAction\":[{\"@type\":\"SearchAction\",\"target\":{\"@type\":\"EntryPoint\",\"urlTemplate\":\"https:\/\/www.hasso-rentacar.com\/?s={search_term_string}\"},\"query-input\":\"required name=search_term_string\"}],\"inLanguage\":\"it-IT\"}]}<\/script>\n<!-- \/ Yoast SEO plugin. -->","yoast_head_json":{"title":"Avviso legale | HASSO","description":"Conosci le condizioni di utilizzo del sito web di HASSO, dove potrai consultare e noleggiare i nostri servizi di autonoleggio.","robots":{"index":"noindex","follow":"nofollow"},"og_locale":"it_IT","og_type":"article","og_title":"Avviso legale | HASSO","og_description":"Conosci le condizioni di utilizzo del sito web di HASSO, dove potrai consultare e noleggiare i nostri servizi di autonoleggio.","og_url":"https:\/\/www.hasso-rentacar.com\/it\/avviso-legale\/","og_site_name":"Hasso Rentacar","article_modified_time":"2024-07-08T07:36:44+00:00","twitter_card":"summary_large_image","twitter_misc":{"Est. reading time":"3 minutes"},"schema":{"@context":"https:\/\/schema.org","@graph":[{"@type":"WebPage","@id":"https:\/\/www.hasso-rentacar.com\/it\/avviso-legale\/","url":"https:\/\/www.hasso-rentacar.com\/it\/avviso-legale\/","name":"Avviso legale | HASSO","isPartOf":{"@id":"https:\/\/www.hasso-rentacar.com\/#website"},"datePublished":"2020-04-02T11:06:21+00:00","dateModified":"2024-07-08T07:36:44+00:00","description":"Conosci le condizioni di utilizzo del sito web di HASSO, dove potrai consultare e noleggiare i nostri servizi di autonoleggio.","breadcrumb":{"@id":"https:\/\/www.hasso-rentacar.com\/it\/avviso-legale\/#breadcrumb"},"inLanguage":"it-IT","potentialAction":[{"@type":"ReadAction","target":["https:\/\/www.hasso-rentacar.com\/it\/avviso-legale\/"]}]},{"@type":"BreadcrumbList","@id":"https:\/\/www.hasso-rentacar.com\/it\/avviso-legale\/#breadcrumb","itemListElement":[{"@type":"ListItem","position":1,"name":"Home","item":"https:\/\/www.hasso-rentacar.com\/it\/"},{"@type":"ListItem","position":2,"name":"Avviso legale"}]},{"@type":"WebSite","@id":"https:\/\/www.hasso-rentacar.com\/#website","url":"https:\/\/www.hasso-rentacar.com\/","name":"Hasso Rentacar","description":"","potentialAction":[{"@type":"SearchAction","target":{"@type":"EntryPoint","urlTemplate":"https:\/\/www.hasso-rentacar.com\/?s={search_term_string}"},"query-input":"required name=search_term_string"}],"inLanguage":"it-IT"}]}},"_links":{"self":[{"href":"https:\/\/www.hasso-rentacar.com\/it\/wp-json\/wp\/v2\/pages\/4161"}],"collection":[{"href":"https:\/\/www.hasso-rentacar.com\/it\/wp-json\/wp\/v2\/pages"}],"about":[{"href":"https:\/\/www.hasso-rentacar.com\/it\/wp-json\/wp\/v2\/types\/page"}],"author":[{"embeddable":true,"href":"https:\/\/www.hasso-rentacar.com\/it\/wp-json\/wp\/v2\/users\/9"}],"replies":[{"embeddable":true,"href":"https:\/\/www.hasso-rentacar.com\/it\/wp-json\/wp\/v2\/comments?post=4161"}],"version-history":[{"count":1,"href":"https:\/\/www.hasso-rentacar.com\/it\/wp-json\/wp\/v2\/pages\/4161\/revisions"}],"predecessor-version":[{"id":4163,"href":"https:\/\/www.hasso-rentacar.com\/it\/wp-json\/wp\/v2\/pages\/4161\/revisions\/4163"}],"wp:attachment":[{"href":"https:\/\/www.hasso-rentacar.com\/it\/wp-json\/wp\/v2\/media?parent=4161"}],"curies":[{"name":"wp","href":"https:\/\/api.w.org\/{rel}","templated":true}]}}